{"id":926,"date":"2018-07-26T14:27:50","date_gmt":"2018-07-26T14:27:50","guid":{"rendered":"http:\/\/apartgastro.com\/producte\/aurea-dicta-de-miquel-barcelo\/"},"modified":"2019-10-09T07:35:52","modified_gmt":"2019-10-09T07:35:52","slug":"apartgastro-ferran-adria","status":"publish","type":"product","link":"https:\/\/apartgastro.com\/es\/producto\/apartgastro-ferran-adria\/","title":{"rendered":"Apart 01 \/\/ Ferran Adri\u00e0 &#8211; ES"},"content":{"rendered":"<div class=\"wpb-content-wrapper\"><p>[vc_row row_height_percent=\u00bb0&#8243; overlay_alpha=\u00bb50&#8243; gutter_size=\u00bb3&#8243; column_width_percent=\u00bb100&#8243; desktop_visibility=\u00bbyes\u00bb medium_visibility=\u00bbyes\u00bb mobile_visibility=\u00bbyes\u00bb shift_y=\u00bb0&#8243; z_index=\u00bb0&#8243; shape_dividers=\u00bb\u00bb][vc_column][vc_column_text]El primer n\u00famero de Apart, el nuevo medio de comunicaci\u00f3n que te adelanta la gastronom\u00eda que viene, ha sido dirigido por el chef Ferran Adri\u00e0. El cocinero m\u00e1s importante de nuestros tiempos ha seleccionado los seis destinos gastron\u00f3micos\u2014Argentina, Brasil, Jap\u00f3n, Marruecos, Grecia y Dinamarca\u2014que inspiran la cocina del futuro.Y, con las gafas de realidad virtual que acompa\u00f1an a la revista, podr\u00e1s sentirte dentro de cada uno de estos espacios donde se cuece lo que vamos a comer ma\u00f1ana.[\/vc_column_text][\/vc_column][\/vc_row]<\/p>\n<\/div>","protected":false},"excerpt":{"rendered":"<h5><span class=\"font-555555\">El primer n\u00famero de Apart, el nuevo medio de comunicaci\u00f3n que te adelanta la gastronom\u00eda que viene, ha sido dirigido por el chef Ferran Adri\u00e0. El cocinero m\u00e1s importante de nuestros tiempos ha seleccionado los seis destinos gastron\u00f3micos\u2014Argentina, Brasil, Jap\u00f3n, Marruecos, Grecia y Dinamarca\u2014que inspiran la cocina del futuro. Y, con las gafas de realidad virtual que acompa\u00f1an a la revista, podr\u00e1s sentirte dentro de cada uno de estos espacios donde se cuece lo que vamos a comer ma\u00f1ana.<\/span><\/h5>\n<h5><span class=\"font-555555\">Incluye:<\/span><\/h5>\n<h5><span class=\"font-555555\">Revista <em>Apart<\/em>: 240 p\u00e1ginas<\/span><\/h5>\n<h5><span class=\"font-555555\">Edici\u00f3n en espa\u00f1ol<\/span><\/h5>\n<h5><span class=\"font-555555\">Link personalizado a los 6 v\u00eddeos 360\u00ba<\/span><\/h5>\n<h5><span class=\"font-555555\">Gafas VR (Realidad Virtual)<\/span><\/h5>\n","protected":false},"featured_media":3725,"template":"","meta":{"_exactmetrics_skip_tracking":false,"_exactmetrics_sitenote_active":false,"_exactmetrics_sitenote_note":"","_exactmetrics_sitenote_category":0},"product_brand":[],"product_cat":[20],"product_tag":[],"class_list":{"0":"post-926","1":"product","2":"type-product","3":"status-publish","4":"has-post-thumbnail","6":"product_cat-sin-categorizar","8":"first","9":"instock","10":"shipping-taxable","11":"purchasable","12":"product-type-simple"},"jetpack_sharing_enabled":false,"_links":{"self":[{"href":"https:\/\/apartgastro.com\/es\/wp-json\/wp\/v2\/product\/926","targetHints":{"allow":["GET"]}}],"collection":[{"href":"https:\/\/apartgastro.com\/es\/wp-json\/wp\/v2\/product"}],"about":[{"href":"https:\/\/apartgastro.com\/es\/wp-json\/wp\/v2\/types\/product"}],"wp:featuredmedia":[{"embeddable":true,"href":"https:\/\/apartgastro.com\/es\/wp-json\/wp\/v2\/media\/3725"}],"wp:attachment":[{"href":"https:\/\/apartgastro.com\/es\/wp-json\/wp\/v2\/media?parent=926"}],"wp:term":[{"taxonomy":"product_brand","embeddable":true,"href":"https:\/\/apartgastro.com\/es\/wp-json\/wp\/v2\/product_brand?post=926"},{"taxonomy":"product_cat","embeddable":true,"href":"https:\/\/apartgastro.com\/es\/wp-json\/wp\/v2\/product_cat?post=926"},{"taxonomy":"product_tag","embeddable":true,"href":"https:\/\/apartgastro.com\/es\/wp-json\/wp\/v2\/product_tag?post=926"}],"curies":[{"name":"wp","href":"https:\/\/api.w.org\/{rel}","templated":true}]}}