{"id":4992,"date":"2022-10-05T12:40:08","date_gmt":"2022-10-05T12:40:08","guid":{"rendered":"http:\/\/apartgastro.com\/?post_type=product&#038;p=4992"},"modified":"2022-10-05T12:50:57","modified_gmt":"2022-10-05T12:50:57","slug":"apart-02-hermanos-roca","status":"publish","type":"product","link":"https:\/\/apartgastro.com\/es\/producto\/apart-02-hermanos-roca\/","title":{"rendered":"Apart 02 \/\/ Hermanos Roca &#8211; ESP"},"content":{"rendered":"<div class=\"wpb-content-wrapper\"><p>[vc_row row_height_percent=\u00bb0&#8243; overlay_alpha=\u00bb50&#8243; gutter_size=\u00bb3&#8243; column_width_percent=\u00bb100&#8243; desktop_visibility=\u00bbyes\u00bb medium_visibility=\u00bbyes\u00bb mobile_visibility=\u00bbyes\u00bb shift_y=\u00bb0&#8243; z_index=\u00bb0&#8243;][vc_column][vc_column_text]<span style=\"font-weight: 400;\">El segundo n\u00famero de Apart, el medio de comunicaci\u00f3n que se adelanta a la gastronom\u00eda que viene, ha sido dirigido por Joan, Josep y Jordi Roca, de El Celler de Can Roca, uno de los mejores restaurantes del mundo, con tres estrellas Michelin. Los tres han seleccionado siete temas y destinos gastron\u00f3micos -Per\u00fa, M\u00e9xico, Colombia, Turqu\u00eda, Escocia, la cuna del vino y las fuentes del cacao- donde se est\u00e1n produciendo las microrrevoluciones que sacuden la gastronom\u00eda global.<\/span>[\/vc_column_text][\/vc_column][\/vc_row]<\/p>\n<\/div>","protected":false},"excerpt":{"rendered":"<h5><span class=\"font-555555\">El segundo n\u00famero de Apart, el medio de comunicaci\u00f3n que se adelanta a la gastronom\u00eda que viene, ha sido dirigido por Joan, Josep y Jordi Roca, de El Celler de Can Roca, uno de los mejores restaurantes del mundo, con tres estrellas Michelin. Los tres han seleccionado siete temas y destinos gastron\u00f3micos -Per\u00fa, M\u00e9xico, Colombia, Turqu\u00eda, Escocia, la cuna del vino y las fuentes del cacao- donde se est\u00e1n produciendo las microrrevoluciones que sacuden la gastronom\u00eda global.<\/span><\/h5>\n","protected":false},"featured_media":4987,"template":"","meta":{"_exactmetrics_skip_tracking":false,"_exactmetrics_sitenote_active":false,"_exactmetrics_sitenote_note":"","_exactmetrics_sitenote_category":0},"product_brand":[],"product_cat":[20],"product_tag":[],"class_list":{"0":"post-4992","1":"product","2":"type-product","3":"status-publish","4":"has-post-thumbnail","6":"product_cat-sin-categorizar","8":"first","9":"instock","10":"shipping-taxable","11":"purchasable","12":"product-type-simple"},"jetpack_sharing_enabled":false,"_links":{"self":[{"href":"https:\/\/apartgastro.com\/es\/wp-json\/wp\/v2\/product\/4992","targetHints":{"allow":["GET"]}}],"collection":[{"href":"https:\/\/apartgastro.com\/es\/wp-json\/wp\/v2\/product"}],"about":[{"href":"https:\/\/apartgastro.com\/es\/wp-json\/wp\/v2\/types\/product"}],"wp:featuredmedia":[{"embeddable":true,"href":"https:\/\/apartgastro.com\/es\/wp-json\/wp\/v2\/media\/4987"}],"wp:attachment":[{"href":"https:\/\/apartgastro.com\/es\/wp-json\/wp\/v2\/media?parent=4992"}],"wp:term":[{"taxonomy":"product_brand","embeddable":true,"href":"https:\/\/apartgastro.com\/es\/wp-json\/wp\/v2\/product_brand?post=4992"},{"taxonomy":"product_cat","embeddable":true,"href":"https:\/\/apartgastro.com\/es\/wp-json\/wp\/v2\/product_cat?post=4992"},{"taxonomy":"product_tag","embeddable":true,"href":"https:\/\/apartgastro.com\/es\/wp-json\/wp\/v2\/product_tag?post=4992"}],"curies":[{"name":"wp","href":"https:\/\/api.w.org\/{rel}","templated":true}]}}