{"id":995,"date":"2018-09-03T17:05:57","date_gmt":"2018-09-03T17:05:57","guid":{"rendered":"http:\/\/apartgastro.com\/politica-de-cookies\/"},"modified":"2022-10-05T14:11:08","modified_gmt":"2022-10-05T14:11:08","slug":"politica-de-cookies","status":"publish","type":"page","link":"https:\/\/apartgastro.com\/es\/politica-de-cookies\/","title":{"rendered":"Pol\u00edtica de cookies"},"content":{"rendered":"<div class=\"wpb-content-wrapper\"><p>[vc_row row_height_percent=\u00bb0&#8243; override_padding=\u00bbyes\u00bb h_padding=\u00bb4&#8243; top_padding=\u00bb4&#8243; bottom_padding=\u00bb4&#8243; overlay_alpha=\u00bb50&#8243; gutter_size=\u00bb3&#8243; column_width_percent=\u00bb100&#8243; shift_y=\u00bb0&#8243; z_index=\u00bb0&#8243;][vc_column width=\u00bb1\/1&#8243;][vc_custom_heading heading_semantic=\u00bbh3&#8243; text_size=\u00bbh3&#8243; text_font=\u00bbfont-245754&#8243; text_color=\u00bbcolor-272898&#8243;]Pol\u00edtica de cookies[\/vc_custom_heading][vc_empty_space empty_h=\u00bb2&#8243;][vc_column_text]<span style=\"font-weight: 400;\"><a href=\"http:\/\/apartgastro.com\">Apartgastro.com<\/a>\u00a0utiliza <\/span><i><span style=\"font-weight: 400;\">cookies <\/span><\/i><span style=\"font-weight: 400;\">propias y de terceros a fin de ofrecer una mejor experiencia de navegaci\u00f3n y un mejor servicio. No obstante, el usuario tiene la opci\u00f3n de impedir la generaci\u00f3n de <\/span><i><span style=\"font-weight: 400;\">cookies<\/span><\/i><span style=\"font-weight: 400;\"> y eliminarlas seleccionando la opci\u00f3n correspondiente en su navegador. En caso de bloquear el uso de <\/span><i><span style=\"font-weight: 400;\">cookies<\/span><\/i><span style=\"font-weight: 400;\"> en su navegador, es posible que algunos servicios o funcionalidades de la p\u00e1gina web no est\u00e9n disponibles.<\/span><\/p>\n<h2><\/h2>\n<h5><b>\u00bfQu\u00e9 es una <\/b><b><i>cookie<\/i><\/b><b>?<\/b><\/h5>\n<p><span style=\"font-weight: 400;\">Una <\/span><i><span style=\"font-weight: 400;\">cookie <\/span><\/i><span style=\"font-weight: 400;\">es un peque\u00f1o fragmento de texto que los sitios web env\u00edan al navegador y que se almacena en el terminal del usuario, que puede ser un ordenador personal, un tel\u00e9fono m\u00f3vil, una tableta, etc. Estos archivos permiten que el sitio web recuerde informaci\u00f3n sobre su visita, como el idioma y las opciones favoritas, lo que puede facilitar la pr\u00f3xima visita y hacer que el sitio resulte m\u00e1s \u00fatil gracias a la personalizaci\u00f3n del contenido. Las <\/span><i><span style=\"font-weight: 400;\">cookies<\/span><\/i><span style=\"font-weight: 400;\"> tienen un papel muy importante, ya que mejoran la experiencia del uso de la web.<\/span><\/p>\n<h2><\/h2>\n<h5><b>\u00bfC\u00f3mo se utilizan las <\/b><b><i>cookies<\/i><\/b><b> y qu\u00e9 tipo de informaci\u00f3n almacenan?<\/b><\/h5>\n<p><span style=\"font-weight: 400;\">Al navegar por Aureadictademiquelbarcelo.cat, el usuario acepta que puedan instalarse <\/span><i><span style=\"font-weight: 400;\">cookies<\/span><\/i><span style=\"font-weight: 400;\"> en su terminal que permitan conocer la siguiente informaci\u00f3n:<\/span><\/p>\n<ul>\n<li style=\"font-weight: 400;\"><span style=\"font-weight: 400;\">Informaci\u00f3n estad\u00edstica sobre el uso de la web.<\/span><\/li>\n<li style=\"font-weight: 400;\"><span style=\"font-weight: 400;\">Los datos de inicio de sesi\u00f3n del usuario para mantener activa la sesi\u00f3n.<\/span><\/li>\n<li style=\"font-weight: 400;\"><span style=\"font-weight: 400;\">Los datos de conexi\u00f3n a las redes sociales en el caso de los usuarios que acceden a la web mediante su usuario de Facebook o Twitter.<\/span><\/li>\n<\/ul>\n<h5><b>\u00bfC\u00f3mo pueden administrarse las <\/b><b><i>cookies<\/i><\/b><b> en el navegador?<\/b><\/h5>\n<p><span style=\"font-weight: 400;\">El usuario tiene la opci\u00f3n de permitir, bloquear o eliminar las <\/span><i><span style=\"font-weight: 400;\">cookies<\/span><\/i><span style=\"font-weight: 400;\"> instaladas en su equipo mediante la configuraci\u00f3n de las opciones del navegador instalado en su terminal.<\/span><\/p>\n<p><span style=\"font-weight: 400;\">Para ajustar los permisos relacionados con las <\/span><i><span style=\"font-weight: 400;\">cookies<\/span><\/i><span style=\"font-weight: 400;\"> en el navegador Google Chrome:<\/span><\/p>\n<ol>\n<li style=\"font-weight: 400;\"><span style=\"font-weight: 400;\">Clique en el men\u00fa situado en la barra de herramientas.<\/span><\/li>\n<li style=\"font-weight: 400;\"><span style=\"font-weight: 400;\">Seleccione \u201cConfiguraci\u00f3n\u201d.<\/span><\/li>\n<li style=\"font-weight: 400;\"><span style=\"font-weight: 400;\">Clique en \u201cConfiguraci\u00f3n avanzada\u201d.<\/span><\/li>\n<li style=\"font-weight: 400;\"><span style=\"font-weight: 400;\">En la secci\u00f3n \u201cPrivacidad y seguridad\u201d, clique en el bot\u00f3n \u201cConfiguraci\u00f3n de contenido\u201d.<\/span><\/li>\n<li style=\"font-weight: 400;\"><span style=\"font-weight: 400;\">En la secci\u00f3n de <\/span><i><span style=\"font-weight: 400;\">cookies<\/span><\/i><span style=\"font-weight: 400;\">, pueden configurarse las opciones.<\/span><\/li>\n<\/ol>\n<p><a href=\"https:\/\/support.google.com\/chrome\/answer\/95647?hl=es\"><span style=\"font-weight: 400;\">M\u00e1s informaci\u00f3n sobre Google Chrome<\/span><\/a><\/p>\n<p>&nbsp;<\/p>\n<p><span style=\"font-weight: 400;\">Para ajustar los permisos relacionados con las <\/span><i><span style=\"font-weight: 400;\">cookies<\/span><\/i><span style=\"font-weight: 400;\"> en el navegador Mozilla Firefox:<\/span><\/p>\n<ol>\n<li style=\"font-weight: 400;\"><span style=\"font-weight: 400;\">En la parte superior de la ventana de Firefox, clique en el men\u00fa \u201cHerramientas\u201d.<\/span><\/li>\n<li style=\"font-weight: 400;\"><span style=\"font-weight: 400;\">Seleccione \u201cOpciones\u201d.<\/span><\/li>\n<li style=\"font-weight: 400;\"><span style=\"font-weight: 400;\">Seleccione el apartado \u201cPrivacidad y seguridad\u201d.<\/span><\/li>\n<li style=\"font-weight: 400;\"><span style=\"font-weight: 400;\">En la opci\u00f3n \u201cFirefox\u201d podr\u00e1 elegir \u201cUsar una configuraci\u00f3n personalizada para el historial\u201d para configurar las opciones.<\/span><\/li>\n<\/ol>\n<p><a href=\"https:\/\/support.mozilla.org\/es\/kb\/cookies-informacion-que-los-sitios-web-guardan-en-\"><span style=\"font-weight: 400;\">M\u00e1s informaci\u00f3n sobre Mozilla Firefox<\/span><\/a><\/p>\n<p>&nbsp;<\/p>\n<p><span style=\"font-weight: 400;\">Para ajustar los permisos relacionados con las <\/span><i><span style=\"font-weight: 400;\">cookies<\/span><\/i><span style=\"font-weight: 400;\"> en el navegador Internet Explorer 9:<\/span><\/p>\n<ol>\n<li style=\"font-weight: 400;\"><span style=\"font-weight: 400;\">En la parte superior de la ventana de Internet Explorer, clique en el men\u00fa \u201cHerramientas\u201d.<\/span><\/li>\n<li style=\"font-weight: 400;\"><span style=\"font-weight: 400;\">Seleccione la pesta\u00f1a \u201cSeguridad\u201d y utilice la opci\u00f3n \u201cEliminar el historial de exploraci\u00f3n\u201d para eliminar las <\/span><i><span style=\"font-weight: 400;\">cookies<\/span><\/i><span style=\"font-weight: 400;\">. Active la casilla \u201cCookies\u201d y, a continuaci\u00f3n, clique en \u201cEliminar\u201d.<\/span><\/li>\n<li style=\"font-weight: 400;\"><span style=\"font-weight: 400;\">Seleccione la pesta\u00f1a \u201cSeguridad\u201d y acceda a \u201cConfiguraci\u00f3n\u201d. Mueva el control deslizante totalmente hacia arriba para bloquear todas las <\/span><i><span style=\"font-weight: 400;\">cookies<\/span><\/i><span style=\"font-weight: 400;\"> o totalmente hacia abajo para permitir todas las <\/span><i><span style=\"font-weight: 400;\">cookies<\/span><\/i><span style=\"font-weight: 400;\">. A continuaci\u00f3n, clique en \u201cAceptar\u201d.<\/span><\/li>\n<\/ol>\n<p><a href=\"http:\/\/windows.microsoft.com\/es-es\/windows7\/how-to-manage-cookies-in-internet-explorer-9\"><span style=\"font-weight: 400;\">M\u00e1s informaci\u00f3n sobre Internet Explorer 9<\/span><\/a><\/p>\n<p>&nbsp;<\/p>\n<p><span style=\"font-weight: 400;\">En caso de bloquear el uso de <\/span><i><span style=\"font-weight: 400;\">cookies<\/span><\/i><span style=\"font-weight: 400;\"> en su navegador, es posible que algunos servicios o funcionalidades de la p\u00e1gina web no est\u00e9n disponibles.<\/span><\/p>\n<p><span style=\"font-weight: 400;\">En algunos navegadores pueden configurarse reglas espec\u00edficas para administrar las <\/span><i><span style=\"font-weight: 400;\">cookies<\/span><\/i><span style=\"font-weight: 400;\"> en funci\u00f3n del sitio web, lo que permite un control m\u00e1s preciso sobre la privacidad. Eso significa que pueden inhabilitarse las <\/span><i><span style=\"font-weight: 400;\">cookies<\/span><\/i><span style=\"font-weight: 400;\"> de todos los sitios a excepci\u00f3n de aquellos en los que se conf\u00ede.<\/span>[\/vc_column_text][\/vc_column][\/vc_row]<\/p>\n<\/div>","protected":false},"excerpt":{"rendered":"<p>[vc_row row_height_percent=\u00bb0&#8243; override_padding=\u00bbyes\u00bb h_padding=\u00bb4&#8243; top_padding=\u00bb4&#8243; bottom_padding=\u00bb4&#8243; overlay_alpha=\u00bb50&#8243; gutter_size=\u00bb3&#8243; column_width_percent=\u00bb100&#8243; shift_y=\u00bb0&#8243; z_index=\u00bb0&#8243;][vc_column width=\u00bb1\/1&#8243;][vc_custom_heading heading_semantic=\u00bbh3&#8243; text_size=\u00bbh3&#8243; text_font=\u00bbfont-245754&#8243; text_color=\u00bbcolor-272898&#8243;]Pol\u00edtica de cookies[\/vc_custom_heading][vc_empty_space empty_h=\u00bb2&#8243;][vc_column_text]Apartgastro.com\u00a0utiliza cookies [&hellip;]<\/p>\n","protected":false},"author":15,"featured_media":0,"parent":0,"menu_order":12,"comment_status":"closed","ping_status":"closed","template":"","meta":{"_exactmetrics_skip_tracking":false,"_exactmetrics_sitenote_active":false,"_exactmetrics_sitenote_note":"","_exactmetrics_sitenote_category":0,"footnotes":""},"class_list":["post-995","page","type-page","status-publish","hentry"],"jetpack_sharing_enabled":true,"jetpack_shortlink":"https:\/\/wp.me\/Pa7vjv-g3","_links":{"self":[{"href":"https:\/\/apartgastro.com\/es\/wp-json\/wp\/v2\/pages\/995","targetHints":{"allow":["GET"]}}],"collection":[{"href":"https:\/\/apartgastro.com\/es\/wp-json\/wp\/v2\/pages"}],"about":[{"href":"https:\/\/apartgastro.com\/es\/wp-json\/wp\/v2\/types\/page"}],"author":[{"embeddable":true,"href":"https:\/\/apartgastro.com\/es\/wp-json\/wp\/v2\/users\/15"}],"replies":[{"embeddable":true,"href":"https:\/\/apartgastro.com\/es\/wp-json\/wp\/v2\/comments?post=995"}],"version-history":[{"count":5,"href":"https:\/\/apartgastro.com\/es\/wp-json\/wp\/v2\/pages\/995\/revisions"}],"predecessor-version":[{"id":5027,"href":"https:\/\/apartgastro.com\/es\/wp-json\/wp\/v2\/pages\/995\/revisions\/5027"}],"wp:attachment":[{"href":"https:\/\/apartgastro.com\/es\/wp-json\/wp\/v2\/media?parent=995"}],"curies":[{"name":"wp","href":"https:\/\/api.w.org\/{rel}","templated":true}]}}