{"id":983,"date":"2018-09-03T16:55:20","date_gmt":"2018-09-03T16:55:20","guid":{"rendered":"http:\/\/apartgastro.com\/aviso-legal-y-politica-de-privacidad\/"},"modified":"2022-10-05T14:04:08","modified_gmt":"2022-10-05T14:04:08","slug":"aviso-legal-y-politica-de-privacidad","status":"publish","type":"page","link":"https:\/\/apartgastro.com\/es\/aviso-legal-y-politica-de-privacidad\/","title":{"rendered":"Politica de privacidad"},"content":{"rendered":"<div class=\"wpb-content-wrapper\"><p>[vc_row row_height_percent=\u00bb0&#8243; override_padding=\u00bbyes\u00bb h_padding=\u00bb4&#8243; top_padding=\u00bb4&#8243; bottom_padding=\u00bb4&#8243; overlay_alpha=\u00bb50&#8243; gutter_size=\u00bb3&#8243; column_width_percent=\u00bb100&#8243; shift_y=\u00bb0&#8243; z_index=\u00bb0&#8243;][vc_column width=\u00bb1\/1&#8243;][vc_custom_heading heading_semantic=\u00bbh3&#8243; text_size=\u00bbh3&#8243;]Pol\u00edtica de privacidad[\/vc_custom_heading][vc_empty_space empty_h=\u00bb2&#8243;][vc_column_text]<\/p>\n<h3>Qui\u00e9n es el responsable del tratamiento de tus datos y para qu\u00e9 fines se tratar\u00e1n?<\/h3>\n<p>CIF n\u00ba: F-08226714<\/p>\n<p>Direcci\u00f3n: C\/ Per\u00fa, 186, 08020 Barcelona<\/p>\n<p>Tel\u00e9fono: +34 932 178 166<\/p>\n<p>Correo electr\u00f3nico: soci.client@abacus.coop<\/p>\n<p>Trataremos tus datos personales para poder atender tu petici\u00f3n as\u00ed como, en su caso, para el env\u00edo de informaci\u00f3n de utilidad o inter\u00e9s de ABACUS y\/o de nuestros colaboradores del \u00e1mbito editorial y tramitar las compras realizadas.<\/p>\n<p>Ser\u00e1 necesario que nos facilites los datos requeridos como \u00abobligatorios\u00bb. La no cumplimentaci\u00f3n o cumplimentaci\u00f3n parcial de los datos personales requeridos podr\u00eda suponer que no se puedan tratar los datos para las finalidades detalladas anteriormente. Asimismo, es necesario que nos comuniques los datos personales actuales para que tengamos la informaci\u00f3n debidamente actualizada y sin errores.<\/p>\n<p>\u00bfCu\u00e1nto tiempo conservaremos tus datos personales?<\/p>\n<p>Conservaremos sus datos personales mientras no nos solicites su supresi\u00f3n.<\/p>\n<p>Asimismo, en su caso, los datos relativos a la facturaci\u00f3n y cobro de los productos y servicios, se conservar\u00e1n durante el tiempo previsto por la normativa vigente (especialmente, en materia civil, fiscal y contable) una vez finalice la contrataci\u00f3n.<\/p>\n<p>\u00bfCu\u00e1l es la legitimaci\u00f3n para el tratamiento de tus datos personales?<\/p>\n<p>La base legal para el tratamiento de datos es el consentimiento manifestado a trav\u00e9s de la aceptaci\u00f3n de la Pol\u00edtica de Privacidad y, en el caso de contrataciones de productos y servicios, tambi\u00e9n la ejecuci\u00f3n de la relaci\u00f3n contractual.<\/p>\n<p>\u00bfA qu\u00e9 destinatarios se comunicar\u00e1n tus datos personales?<\/p>\n<p>Los datos no se comunicar\u00e1n a terceros, salvo obligaci\u00f3n legal. Ahora bien, los datos pueden estar alojados en proveedores ubicados fuera de la Uni\u00f3n Europea, en condiciones de seguridad y confidencialidad, de conformidad con las correspondientes garant\u00edas jur\u00eddicas.<\/p>\n<p>\u00bfCu\u00e1les son sus derechos en relaci\u00f3n a tus datos personales?<\/p>\n<p>Podr\u00e1s solicitar acceder a tus datos personales, as\u00ed como la rectificaci\u00f3n de los datos inexactos o, en su caso, su supresi\u00f3n cuando los datos ya no sean necesarios para los fines que fueron recogidos. Tambi\u00e9n podr\u00e1s solicitar la limitaci\u00f3n, portabilidad y oposici\u00f3n en el tratamiento de tus datos, en determinadas circunstancias y por motivos relacionados con tu situaci\u00f3n particular.<\/p>\n<p>Igualmente, podr\u00e1s ejercitar los derechos referidos anteriormente y, en su caso, revocar el consentimiento otorgado mediante el env\u00edo de un correo electr\u00f3nico a [soci.client@abacus.coop]. La revocaci\u00f3n se podr\u00e1 realizar sin que afecte de forma retroactiva al tratamiento de datos personales realizado hasta el momento.<\/p>\n<p>Si no obtienes una respuesta satisfactoria y deseas formular una reclamaci\u00f3n u obtener m\u00e1s informaci\u00f3n al respecto de cualquiera de estos derechos, podr\u00e1s solicitarlo a la Agencia Espa\u00f1ola de Protecci\u00f3n de Datos (www.aepd.es).[\/vc_column_text][\/vc_column][\/vc_row]<\/p>\n<\/div>","protected":false},"excerpt":{"rendered":"<p>[vc_row row_height_percent=\u00bb0&#8243; override_padding=\u00bbyes\u00bb h_padding=\u00bb4&#8243; top_padding=\u00bb4&#8243; bottom_padding=\u00bb4&#8243; overlay_alpha=\u00bb50&#8243; gutter_size=\u00bb3&#8243; column_width_percent=\u00bb100&#8243; shift_y=\u00bb0&#8243; z_index=\u00bb0&#8243;][vc_column width=\u00bb1\/1&#8243;][vc_custom_heading heading_semantic=\u00bbh3&#8243; text_size=\u00bbh3&#8243;]Pol\u00edtica de privacidad[\/vc_custom_heading][vc_empty_space empty_h=\u00bb2&#8243;][vc_column_text] Qui\u00e9n es el [&hellip;]<\/p>\n","protected":false},"author":15,"featured_media":0,"parent":0,"menu_order":11,"comment_status":"closed","ping_status":"closed","template":"","meta":{"_exactmetrics_skip_tracking":false,"_exactmetrics_sitenote_active":false,"_exactmetrics_sitenote_note":"","_exactmetrics_sitenote_category":0,"footnotes":""},"class_list":["post-983","page","type-page","status-publish","hentry","page_category-funcional-es"],"jetpack_sharing_enabled":true,"jetpack_shortlink":"https:\/\/wp.me\/Pa7vjv-fR","_links":{"self":[{"href":"https:\/\/apartgastro.com\/es\/wp-json\/wp\/v2\/pages\/983","targetHints":{"allow":["GET"]}}],"collection":[{"href":"https:\/\/apartgastro.com\/es\/wp-json\/wp\/v2\/pages"}],"about":[{"href":"https:\/\/apartgastro.com\/es\/wp-json\/wp\/v2\/types\/page"}],"author":[{"embeddable":true,"href":"https:\/\/apartgastro.com\/es\/wp-json\/wp\/v2\/users\/15"}],"replies":[{"embeddable":true,"href":"https:\/\/apartgastro.com\/es\/wp-json\/wp\/v2\/comments?post=983"}],"version-history":[{"count":5,"href":"https:\/\/apartgastro.com\/es\/wp-json\/wp\/v2\/pages\/983\/revisions"}],"predecessor-version":[{"id":5029,"href":"https:\/\/apartgastro.com\/es\/wp-json\/wp\/v2\/pages\/983\/revisions\/5029"}],"wp:attachment":[{"href":"https:\/\/apartgastro.com\/es\/wp-json\/wp\/v2\/media?parent=983"}],"curies":[{"name":"wp","href":"https:\/\/api.w.org\/{rel}","templated":true}]}}