{"id":806,"date":"2018-07-28T11:56:08","date_gmt":"2018-07-28T11:56:08","guid":{"rendered":"http:\/\/apartgastro.com\/la-obra\/"},"modified":"2019-10-08T17:55:27","modified_gmt":"2019-10-08T17:55:27","slug":"la-obra","status":"publish","type":"page","link":"https:\/\/apartgastro.com\/es\/la-obra\/","title":{"rendered":"La Revista"},"content":{"rendered":"<div class=\"wpb-content-wrapper\"><p>[vc_row unlock_row_content=\u00bbyes\u00bb row_height_percent=\u00bb80&#8243; override_padding=\u00bbyes\u00bb h_padding=\u00bb0&#8243; top_padding=\u00bb0&#8243; bottom_padding=\u00bb0&#8243; back_color=\u00bbcolor-prif\u00bb overlay_alpha=\u00bb50&#8243; equal_height=\u00bbyes\u00bb gutter_size=\u00bb0&#8243; column_width_percent=\u00bb100&#8243; mobile_visibility=\u00bbyes\u00bb shift_y=\u00bb0&#8243; z_index=\u00bb0&#8243;][vc_column column_width_percent=\u00bb100&#8243; position_vertical=\u00bbmiddle\u00bb align_horizontal=\u00bbalign_center\u00bb expand_height=\u00bbyes\u00bb override_padding=\u00bbyes\u00bb column_padding=\u00bb5&#8243; back_image=\u00bb3333&#8243; back_repeat=\u00bbno-repeat\u00bb back_position=\u00bbcenter center\u00bb overlay_alpha=\u00bb0&#8243; gutter_size=\u00bb3&#8243; medium_width=\u00bb0&#8243; mobile_width=\u00bb0&#8243; shift_x=\u00bb0&#8243; shift_y=\u00bb0&#8243; shift_y_down=\u00bb0&#8243; z_index=\u00bb0&#8243; width=\u00bb1\/2&#8243;][\/vc_column][vc_column column_width_percent=\u00bb70&#8243; position_vertical=\u00bbmiddle\u00bb align_horizontal=\u00bbalign_center\u00bb override_padding=\u00bbyes\u00bb column_padding=\u00bb5&#8243; style=\u00bblight\u00bb back_color=\u00bbcolor-xsdn\u00bb overlay_alpha=\u00bb50&#8243; gutter_size=\u00bb3&#8243; medium_width=\u00bb0&#8243; mobile_width=\u00bb0&#8243; shift_x=\u00bb0&#8243; shift_y=\u00bb0&#8243; shift_y_down=\u00bb0&#8243; z_index=\u00bb0&#8243; width=\u00bb1\/2&#8243;][vc_column_text css_animation=\u00bbbottom-t-top\u00bb animation_speed=\u00bb800&#8243;]<\/p>\n<p style=\"text-align: center;\">El primer n\u00famero de la revista\u00a0<em>Apart\u00a0<\/em>est\u00e1 dedicado monogr\u00e1ficamente al viaje por las seis cocinas que inspiran el futuro que, como director invitado de este nuevo medio, nos propone el cocinero Ferran Adri\u00e0.<\/p>\n<p>[\/vc_column_text][\/vc_column][\/vc_row][vc_row unlock_row_content=\u00bbyes\u00bb row_height_percent=\u00bb80&#8243; override_padding=\u00bbyes\u00bb h_padding=\u00bb0&#8243; top_padding=\u00bb0&#8243; bottom_padding=\u00bb0&#8243; back_color=\u00bbcolor-prif\u00bb overlay_alpha=\u00bb50&#8243; equal_height=\u00bbyes\u00bb gutter_size=\u00bb0&#8243; column_width_percent=\u00bb100&#8243; desktop_visibility=\u00bbyes\u00bb medium_visibility=\u00bbyes\u00bb shift_y=\u00bb0&#8243; z_index=\u00bb0&#8243;][vc_column column_width_percent=\u00bb100&#8243; position_vertical=\u00bbmiddle\u00bb align_horizontal=\u00bbalign_center\u00bb expand_height=\u00bbyes\u00bb override_padding=\u00bbyes\u00bb column_padding=\u00bb0&#8243; overlay_alpha=\u00bb0&#8243; gutter_size=\u00bb3&#8243; medium_width=\u00bb0&#8243; mobile_width=\u00bb0&#8243; shift_x=\u00bb0&#8243; shift_y=\u00bb0&#8243; shift_y_down=\u00bb0&#8243; z_index=\u00bb0&#8243; width=\u00bb1\/2&#8243;][vc_single_image media=\u00bb3333&#8243; media_width_percent=\u00bb100&#8243;][\/vc_column][vc_column column_width_percent=\u00bb70&#8243; position_vertical=\u00bbmiddle\u00bb align_horizontal=\u00bbalign_center\u00bb override_padding=\u00bbyes\u00bb column_padding=\u00bb5&#8243; style=\u00bblight\u00bb back_color=\u00bbcolor-xsdn\u00bb overlay_alpha=\u00bb50&#8243; gutter_size=\u00bb3&#8243; medium_width=\u00bb0&#8243; mobile_width=\u00bb0&#8243; shift_x=\u00bb0&#8243; shift_y=\u00bb0&#8243; shift_y_down=\u00bb0&#8243; z_index=\u00bb0&#8243; width=\u00bb1\/2&#8243;][vc_column_text css_animation=\u00bbbottom-t-top\u00bb animation_speed=\u00bb800&#8243;]<\/p>\n<p style=\"text-align: center;\">El primer n\u00famero de la revista\u00a0<em>Apart\u00a0<\/em>est\u00e1 dedicado monogr\u00e1ficamente al viaje por las seis cocinas que inspiran el futuro que, como director invitado de este nuevo medio, nos propone el cocinero Ferran Adri\u00e0.<\/p>\n<p>[\/vc_column_text][\/vc_column][\/vc_row][vc_row unlock_row_content=\u00bbyes\u00bb row_height_percent=\u00bb80&#8243; override_padding=\u00bbyes\u00bb h_padding=\u00bb0&#8243; top_padding=\u00bb0&#8243; bottom_padding=\u00bb0&#8243; back_color=\u00bbcolor-394323&#8243; back_image=\u00bb3406&#8243; back_position=\u00bbcenter center\u00bb overlay_alpha=\u00bb50&#8243; equal_height=\u00bbyes\u00bb gutter_size=\u00bb0&#8243; column_width_percent=\u00bb100&#8243; mobile_visibility=\u00bbyes\u00bb shift_y=\u00bb0&#8243; z_index=\u00bb0&#8243;][vc_column column_width_percent=\u00bb70&#8243; position_vertical=\u00bbmiddle\u00bb align_horizontal=\u00bbalign_center\u00bb override_padding=\u00bbyes\u00bb column_padding=\u00bb5&#8243; style=\u00bblight\u00bb overlay_alpha=\u00bb20&#8243; gutter_size=\u00bb3&#8243; medium_width=\u00bb0&#8243; mobile_width=\u00bb0&#8243; shift_x=\u00bb0&#8243; shift_y=\u00bb0&#8243; shift_y_down=\u00bb0&#8243; z_index=\u00bb0&#8243; width=\u00bb1\/3&#8243;][vc_column_text css_animation=\u00bbbottom-t-top\u00bb animation_speed=\u00bb800&#8243; animation_delay=\u00bb200&#8243;]<\/p>\n<p style=\"text-align: center;\">La publicaci\u00f3n, de 240 p\u00e1ginas, contiene seis extensos reportajes que profundizan en las gastronom\u00edas de Argentina, Dinamarca, Brasil, Marruecos, Jap\u00f3n y Gracia, con textos firmados por especialistas internacionales, fotograf\u00edas espectaculares, desplegables e infograf\u00edas.<\/p>\n<p>[\/vc_column_text][\/vc_column][vc_column column_width_percent=\u00bb100&#8243; position_horizontal=\u00bbleft\u00bb position_vertical=\u00bbmiddle\u00bb override_padding=\u00bbyes\u00bb column_padding=\u00bb5&#8243; style=\u00bbdark\u00bb overlay_alpha=\u00bb0&#8243; gutter_size=\u00bb3&#8243; medium_width=\u00bb0&#8243; mobile_visibility=\u00bbyes\u00bb mobile_width=\u00bb0&#8243; shift_x=\u00bb0&#8243; shift_y=\u00bb0&#8243; shift_y_down=\u00bb0&#8243; z_index=\u00bb0&#8243; width=\u00bb2\/3&#8243;][\/vc_column][\/vc_row][vc_row unlock_row_content=\u00bbyes\u00bb row_height_percent=\u00bb80&#8243; override_padding=\u00bbyes\u00bb h_padding=\u00bb0&#8243; top_padding=\u00bb2&#8243; bottom_padding=\u00bb0&#8243; back_color=\u00bbcolor-394323&#8243; back_image=\u00bb3406&#8243; back_position=\u00bbcenter center\u00bb overlay_alpha=\u00bb50&#8243; equal_height=\u00bbyes\u00bb gutter_size=\u00bb0&#8243; column_width_percent=\u00bb100&#8243; desktop_visibility=\u00bbyes\u00bb medium_visibility=\u00bbyes\u00bb shift_y=\u00bb0&#8243; z_index=\u00bb0&#8243;][vc_column column_width_percent=\u00bb70&#8243; position_vertical=\u00bbmiddle\u00bb align_horizontal=\u00bbalign_center\u00bb override_padding=\u00bbyes\u00bb column_padding=\u00bb5&#8243; style=\u00bblight\u00bb overlay_alpha=\u00bb20&#8243; gutter_size=\u00bb3&#8243; medium_width=\u00bb0&#8243; mobile_width=\u00bb0&#8243; shift_x=\u00bb0&#8243; shift_y=\u00bb0&#8243; shift_y_down=\u00bb0&#8243; z_index=\u00bb0&#8243; width=\u00bb1\/1&#8243;][vc_single_image media=\u00bb3438&#8243; media_width_percent=\u00bb100&#8243;][\/vc_column][\/vc_row][vc_row unlock_row_content=\u00bbyes\u00bb row_height_percent=\u00bb80&#8243; override_padding=\u00bbyes\u00bb h_padding=\u00bb0&#8243; top_padding=\u00bb0&#8243; bottom_padding=\u00bb0&#8243; back_color=\u00bbcolor-394323&#8243; overlay_alpha=\u00bb50&#8243; equal_height=\u00bbyes\u00bb gutter_size=\u00bb0&#8243; column_width_percent=\u00bb100&#8243; desktop_visibility=\u00bbyes\u00bb medium_visibility=\u00bbyes\u00bb shift_y=\u00bb0&#8243; z_index=\u00bb0&#8243;][vc_column column_width_percent=\u00bb70&#8243; position_vertical=\u00bbmiddle\u00bb align_horizontal=\u00bbalign_center\u00bb override_padding=\u00bbyes\u00bb column_padding=\u00bb5&#8243; style=\u00bblight\u00bb overlay_alpha=\u00bb20&#8243; gutter_size=\u00bb3&#8243; medium_width=\u00bb0&#8243; mobile_width=\u00bb0&#8243; shift_x=\u00bb0&#8243; shift_y=\u00bb0&#8243; shift_y_down=\u00bb0&#8243; z_index=\u00bb0&#8243; width=\u00bb1\/1&#8243;][vc_column_text css_animation=\u00bbbottom-t-top\u00bb animation_speed=\u00bb800&#8243; animation_delay=\u00bb200&#8243;]<\/p>\n<p style=\"text-align: center;\">La publicaci\u00f3n, de 240 p\u00e1ginas, contiene seis extensos reportajes que profundizan en las gastronom\u00edas de Argentina, Dinamarca, Brasil, Marruecos, Jap\u00f3n y Grecia, con textos firmados por especialistas internacionales, fotograf\u00edas espectaculares, desplegables e infograf\u00edas.<\/p>\n<p>[\/vc_column_text][\/vc_column][\/vc_row][vc_row unlock_row_content=\u00bbyes\u00bb row_height_percent=\u00bb0&#8243; override_padding=\u00bbyes\u00bb h_padding=\u00bb0&#8243; top_padding=\u00bb0&#8243; bottom_padding=\u00bb0&#8243; overlay_alpha=\u00bb50&#8243; gutter_size=\u00bb3&#8243; column_width_percent=\u00bb100&#8243; desktop_visibility=\u00bbyes\u00bb medium_visibility=\u00bbyes\u00bb mobile_visibility=\u00bbyes\u00bb shift_y=\u00bb0&#8243; z_index=\u00bb0&#8243;][vc_column width=\u00bb1\/1&#8243;][vc_gallery el_id=\u00bbgallery-173938&#8243; type=\u00bbcarousel\u00bb medias=\u00bb3459,3457,3455,3453,3451,3449&#8243; carousel_lg=\u00bb4&#8243; carousel_md=\u00bb3&#8243; carousel_sm=\u00bb1&#8243; thumb_size=\u00bbone-one\u00bb gutter_size=\u00bb0&#8243; media_items=\u00bbmedia|lightbox|original\u00bb carousel_interval=\u00bb5000&#8243; carousel_navspeed=\u00bb1000&#8243; carousel_loop=\u00bbyes\u00bb stage_padding=\u00bb0&#8243; single_overlay_opacity=\u00bb1&#8243; single_padding=\u00bb2&#8243; single_border=\u00bbyes\u00bb][\/vc_column][\/vc_row][vc_row unlock_row_content=\u00bbyes\u00bb row_height_percent=\u00bb80&#8243; override_padding=\u00bbyes\u00bb h_padding=\u00bb0&#8243; top_padding=\u00bb0&#8243; bottom_padding=\u00bb0&#8243; back_color=\u00bbcolor-prif\u00bb overlay_alpha=\u00bb50&#8243; equal_height=\u00bbyes\u00bb gutter_size=\u00bb0&#8243; column_width_percent=\u00bb100&#8243; mobile_visibility=\u00bbyes\u00bb shift_y=\u00bb0&#8243; z_index=\u00bb0&#8243;][vc_column column_width_percent=\u00bb100&#8243; position_vertical=\u00bbmiddle\u00bb align_horizontal=\u00bbalign_center\u00bb override_padding=\u00bbyes\u00bb column_padding=\u00bb5&#8243; back_image=\u00bb3642&#8243; back_position=\u00bbcenter top\u00bb parallax=\u00bbyes\u00bb overlay_alpha=\u00bb0&#8243; gutter_size=\u00bb3&#8243; medium_width=\u00bb0&#8243; mobile_width=\u00bb0&#8243; shift_x=\u00bb0&#8243; shift_y=\u00bb0&#8243; shift_y_down=\u00bb0&#8243; z_index=\u00bb0&#8243; width=\u00bb1\/2&#8243;][\/vc_column][vc_column column_width_percent=\u00bb70&#8243; position_vertical=\u00bbmiddle\u00bb align_horizontal=\u00bbalign_center\u00bb override_padding=\u00bbyes\u00bb column_padding=\u00bb5&#8243; style=\u00bblight\u00bb back_color=\u00bbcolor-xsdn\u00bb overlay_alpha=\u00bb50&#8243; gutter_size=\u00bb3&#8243; medium_width=\u00bb0&#8243; mobile_width=\u00bb0&#8243; shift_x=\u00bb0&#8243; shift_y=\u00bb0&#8243; shift_y_down=\u00bb0&#8243; z_index=\u00bb0&#8243; width=\u00bb1\/2&#8243;][vc_single_image media=\u00bb3358&#8243; media_width_use_pixel=\u00bbyes\u00bb alignment=\u00bbcenter\u00bb css_animation=\u00bbbottom-t-top\u00bb animation_speed=\u00bb800&#8243; media_width_pixel=\u00bb150&#8243;][vc_column_text css_animation=\u00bbbottom-t-top\u00bb animation_speed=\u00bb800&#8243;]<\/p>\n<p style=\"text-align: center;\">Fuera del papel, la revista salta a la pantalla gracias a los seis reportajes grabados en realidad virtual (VR) que nos hace sentir como si estuvi\u00e9semos dentro de las cocinas y los paisajes que aparecen en los reportajes.<\/p>\n<p>[\/vc_column_text][\/vc_column][\/vc_row][vc_row unlock_row_content=\u00bbyes\u00bb row_height_percent=\u00bb80&#8243; override_padding=\u00bbyes\u00bb h_padding=\u00bb0&#8243; top_padding=\u00bb0&#8243; bottom_padding=\u00bb0&#8243; back_color=\u00bbcolor-prif\u00bb overlay_alpha=\u00bb50&#8243; equal_height=\u00bbyes\u00bb gutter_size=\u00bb0&#8243; column_width_percent=\u00bb100&#8243; desktop_visibility=\u00bbyes\u00bb medium_visibility=\u00bbyes\u00bb shift_y=\u00bb0&#8243; z_index=\u00bb0&#8243;][vc_column column_width_percent=\u00bb100&#8243; position_vertical=\u00bbmiddle\u00bb align_horizontal=\u00bbalign_center\u00bb expand_height=\u00bbyes\u00bb override_padding=\u00bbyes\u00bb column_padding=\u00bb0&#8243; overlay_alpha=\u00bb0&#8243; gutter_size=\u00bb3&#8243; medium_width=\u00bb0&#8243; mobile_width=\u00bb0&#8243; shift_x=\u00bb0&#8243; shift_y=\u00bb0&#8243; shift_y_down=\u00bb0&#8243; z_index=\u00bb0&#8243; width=\u00bb1\/2&#8243;][vc_single_image media=\u00bb3642&#8243; media_width_percent=\u00bb100&#8243;][\/vc_column][vc_column column_width_percent=\u00bb70&#8243; position_vertical=\u00bbmiddle\u00bb align_horizontal=\u00bbalign_center\u00bb override_padding=\u00bbyes\u00bb column_padding=\u00bb5&#8243; style=\u00bblight\u00bb back_color=\u00bbcolor-xsdn\u00bb overlay_alpha=\u00bb50&#8243; gutter_size=\u00bb3&#8243; medium_width=\u00bb0&#8243; mobile_width=\u00bb0&#8243; shift_x=\u00bb0&#8243; shift_y=\u00bb0&#8243; shift_y_down=\u00bb0&#8243; z_index=\u00bb0&#8243; width=\u00bb1\/2&#8243;][vc_single_image media=\u00bb3358&#8243; media_width_use_pixel=\u00bbyes\u00bb alignment=\u00bbcenter\u00bb css_animation=\u00bbbottom-t-top\u00bb animation_speed=\u00bb800&#8243; media_width_pixel=\u00bb150&#8243;][vc_column_text css_animation=\u00bbbottom-t-top\u00bb animation_speed=\u00bb800&#8243;]<\/p>\n<p style=\"text-align: center;\">Fuera del papel, la revista salta a la pantalla gracias a los seis reportajes grabados en realidad virtual (VR) que nos hace sentir como si estuvi\u00e9semos dentro de las cocinas y los paisajes que aparecen en los reportajes.<\/p>\n<p>[\/vc_column_text][\/vc_column][\/vc_row][vc_row unlock_row_content=\u00bbyes\u00bb row_height_percent=\u00bb80&#8243; override_padding=\u00bbyes\u00bb h_padding=\u00bb0&#8243; top_padding=\u00bb0&#8243; bottom_padding=\u00bb0&#8243; back_color=\u00bbcolor-394323&#8243; back_image=\u00bb3427&#8243; back_position=\u00bbcenter center\u00bb overlay_alpha=\u00bb0&#8243; equal_height=\u00bbyes\u00bb gutter_size=\u00bb0&#8243; column_width_percent=\u00bb100&#8243; mobile_visibility=\u00bbyes\u00bb shift_y=\u00bb0&#8243; z_index=\u00bb0&#8243;][vc_column column_width_percent=\u00bb70&#8243; position_vertical=\u00bbmiddle\u00bb align_horizontal=\u00bbalign_center\u00bb override_padding=\u00bbyes\u00bb column_padding=\u00bb5&#8243; style=\u00bblight\u00bb overlay_alpha=\u00bb20&#8243; gutter_size=\u00bb3&#8243; medium_width=\u00bb0&#8243; mobile_width=\u00bb0&#8243; shift_x=\u00bb0&#8243; shift_y=\u00bb0&#8243; shift_y_down=\u00bb0&#8243; z_index=\u00bb0&#8243; width=\u00bb1\/2&#8243;][vc_column_text css_animation=\u00bbbottom-t-top\u00bb animation_speed=\u00bb800&#8243;]<\/p>\n<p style=\"text-align: center;\">Con la compra de la revista os regalaremos las gafas para que pod\u00e1is tener la experiencia de VR sin salir de casa.<\/p>\n<p>[\/vc_column_text][vc_button size=\u00bbbtn-lg\u00bb radius=\u00bbbtn-round\u00bb outline=\u00bbyes\u00bb text_skin=\u00bbyes\u00bb border_width=\u00bb0&#8243; css_animation=\u00bbbottom-t-top\u00bb animation_speed=\u00bb800&#8243; animation_delay=\u00bb200&#8243; link=\u00bburl:http%3A%2F%2Fapartgastro.com%2Fes%2Fproducto%2Fapartgastro-ferran-adria%2F|||\u00bb]COMPRAR[\/vc_button][\/vc_column][vc_column column_width_percent=\u00bb100&#8243; position_vertical=\u00bbmiddle\u00bb align_horizontal=\u00bbalign_center\u00bb override_padding=\u00bbyes\u00bb column_padding=\u00bb5&#8243; style=\u00bbdark\u00bb overlay_alpha=\u00bb0&#8243; gutter_size=\u00bb3&#8243; medium_width=\u00bb0&#8243; mobile_visibility=\u00bbyes\u00bb mobile_width=\u00bb0&#8243; shift_x=\u00bb0&#8243; shift_y=\u00bb0&#8243; shift_y_down=\u00bb0&#8243; z_index=\u00bb0&#8243; width=\u00bb1\/2&#8243;][\/vc_column][\/vc_row][vc_row unlock_row_content=\u00bbyes\u00bb row_height_percent=\u00bb80&#8243; override_padding=\u00bbyes\u00bb h_padding=\u00bb0&#8243; top_padding=\u00bb0&#8243; bottom_padding=\u00bb0&#8243; back_color=\u00bbcolor-394323&#8243; overlay_alpha=\u00bb0&#8243; equal_height=\u00bbyes\u00bb gutter_size=\u00bb0&#8243; column_width_percent=\u00bb100&#8243; desktop_visibility=\u00bbyes\u00bb medium_visibility=\u00bbyes\u00bb shift_y=\u00bb0&#8243; z_index=\u00bb0&#8243;][vc_column column_width_percent=\u00bb70&#8243; position_vertical=\u00bbmiddle\u00bb align_horizontal=\u00bbalign_center\u00bb override_padding=\u00bbyes\u00bb column_padding=\u00bb5&#8243; style=\u00bblight\u00bb overlay_alpha=\u00bb20&#8243; gutter_size=\u00bb3&#8243; medium_width=\u00bb0&#8243; mobile_width=\u00bb0&#8243; shift_x=\u00bb0&#8243; shift_y=\u00bb0&#8243; shift_y_down=\u00bb0&#8243; z_index=\u00bb0&#8243; width=\u00bb1\/1&#8243;][vc_single_image media=\u00bb3436&#8243; media_width_percent=\u00bb100&#8243; alignment=\u00bbcenter\u00bb][\/vc_column][\/vc_row][vc_row unlock_row_content=\u00bbyes\u00bb row_height_percent=\u00bb80&#8243; override_padding=\u00bbyes\u00bb h_padding=\u00bb0&#8243; top_padding=\u00bb0&#8243; bottom_padding=\u00bb0&#8243; back_color=\u00bbcolor-394323&#8243; overlay_alpha=\u00bb0&#8243; equal_height=\u00bbyes\u00bb gutter_size=\u00bb0&#8243; column_width_percent=\u00bb100&#8243; desktop_visibility=\u00bbyes\u00bb medium_visibility=\u00bbyes\u00bb shift_y=\u00bb0&#8243; z_index=\u00bb0&#8243;][vc_column column_width_percent=\u00bb70&#8243; position_vertical=\u00bbmiddle\u00bb align_horizontal=\u00bbalign_center\u00bb override_padding=\u00bbyes\u00bb column_padding=\u00bb5&#8243; style=\u00bblight\u00bb overlay_alpha=\u00bb20&#8243; gutter_size=\u00bb3&#8243; medium_width=\u00bb0&#8243; mobile_width=\u00bb0&#8243; shift_x=\u00bb0&#8243; shift_y=\u00bb0&#8243; shift_y_down=\u00bb0&#8243; z_index=\u00bb0&#8243; width=\u00bb1\/1&#8243;][vc_column_text css_animation=\u00bbbottom-t-top\u00bb animation_speed=\u00bb800&#8243;]<\/p>\n<p style=\"text-align: center;\">Con la compra de la revista os regalaremos las gafas para que pod\u00e1is tener la experiencia de VR sin salir de casa.<\/p>\n<p>[\/vc_column_text][vc_button size=\u00bbbtn-lg\u00bb radius=\u00bbbtn-round\u00bb outline=\u00bbyes\u00bb text_skin=\u00bbyes\u00bb border_width=\u00bb0&#8243; css_animation=\u00bbbottom-t-top\u00bb animation_speed=\u00bb800&#8243; animation_delay=\u00bb200&#8243; link=\u00bburl:http%3A%2F%2Fapartgastro.com%2Fes%2Fproducto%2Fapartgastro-ferran-adria%2F|||\u00bb]COMPRAR[\/vc_button][\/vc_column][\/vc_row]<\/p>\n<\/div>","protected":false},"excerpt":{"rendered":"<p>[vc_row unlock_row_content=\u00bbyes\u00bb row_height_percent=\u00bb80&#8243; override_padding=\u00bbyes\u00bb h_padding=\u00bb0&#8243; top_padding=\u00bb0&#8243; bottom_padding=\u00bb0&#8243; back_color=\u00bbcolor-prif\u00bb overlay_alpha=\u00bb50&#8243; equal_height=\u00bbyes\u00bb gutter_size=\u00bb0&#8243; column_width_percent=\u00bb100&#8243; mobile_visibility=\u00bbyes\u00bb shift_y=\u00bb0&#8243; z_index=\u00bb0&#8243;][vc_column column_width_percent=\u00bb100&#8243; position_vertical=\u00bbmiddle\u00bb align_horizontal=\u00bbalign_center\u00bb expand_height=\u00bbyes\u00bb override_padding=\u00bbyes\u00bb [&hellip;]<\/p>\n","protected":false},"author":15,"featured_media":0,"parent":0,"menu_order":2,"comment_status":"closed","ping_status":"closed","template":"","meta":{"_exactmetrics_skip_tracking":false,"_exactmetrics_sitenote_active":false,"_exactmetrics_sitenote_note":"","_exactmetrics_sitenote_category":0,"footnotes":""},"class_list":["post-806","page","type-page","status-publish","hentry","page_category-editorial-es"],"jetpack_sharing_enabled":true,"jetpack_shortlink":"https:\/\/wp.me\/Pa7vjv-d0","_links":{"self":[{"href":"https:\/\/apartgastro.com\/es\/wp-json\/wp\/v2\/pages\/806","targetHints":{"allow":["GET"]}}],"collection":[{"href":"https:\/\/apartgastro.com\/es\/wp-json\/wp\/v2\/pages"}],"about":[{"href":"https:\/\/apartgastro.com\/es\/wp-json\/wp\/v2\/types\/page"}],"author":[{"embeddable":true,"href":"https:\/\/apartgastro.com\/es\/wp-json\/wp\/v2\/users\/15"}],"replies":[{"embeddable":true,"href":"https:\/\/apartgastro.com\/es\/wp-json\/wp\/v2\/comments?post=806"}],"version-history":[{"count":5,"href":"https:\/\/apartgastro.com\/es\/wp-json\/wp\/v2\/pages\/806\/revisions"}],"predecessor-version":[{"id":3721,"href":"https:\/\/apartgastro.com\/es\/wp-json\/wp\/v2\/pages\/806\/revisions\/3721"}],"wp:attachment":[{"href":"https:\/\/apartgastro.com\/es\/wp-json\/wp\/v2\/media?parent=806"}],"curies":[{"name":"wp","href":"https:\/\/api.w.org\/{rel}","templated":true}]}}