{"id":797,"date":"2018-07-28T10:35:41","date_gmt":"2018-07-28T10:35:41","guid":{"rendered":"http:\/\/apartgastro.com\/el-projecte\/"},"modified":"2019-10-02T07:59:30","modified_gmt":"2019-10-02T07:59:30","slug":"el-proyecto","status":"publish","type":"page","link":"https:\/\/apartgastro.com\/es\/el-proyecto\/","title":{"rendered":"El Proyecto"},"content":{"rendered":"<div class=\"wpb-content-wrapper\"><p>[vc_row row_height_percent=\u00bb25&#8243; override_padding=\u00bbyes\u00bb h_padding=\u00bb7&#8243; top_padding=\u00bb5&#8243; bottom_padding=\u00bb5&#8243; back_color=\u00bbcolor-354075&#8243; overlay_alpha=\u00bb50&#8243; gutter_size=\u00bb3&#8243; column_width_percent=\u00bb100&#8243; shift_y=\u00bb0&#8243; z_index=\u00bb0&#8243;][vc_column column_width_percent=\u00bb70&#8243; position_vertical=\u00bbmiddle\u00bb align_horizontal=\u00bbalign_center\u00bb style=\u00bblight\u00bb overlay_alpha=\u00bb50&#8243; gutter_size=\u00bb3&#8243; medium_width=\u00bb0&#8243; mobile_width=\u00bb0&#8243; shift_x=\u00bb0&#8243; shift_y=\u00bb0&#8243; shift_y_down=\u00bb0&#8243; z_index=\u00bb0&#8243; css_animation=\u00bbbottom-t-top\u00bb animation_speed=\u00bb800&#8243; animation_delay=\u00bb200&#8243; width=\u00bb1\/1&#8243;][vc_custom_heading heading_semantic=\u00bbp\u00bb text_size=\u00bb\u00bb]\u00bfC\u00f3mo ser\u00e1 la gastronom\u00eda del futuro?\u00a0El cocinero Ferran Adri\u00e0, art\u00edfice de la revoluci\u00f3n gastron\u00f3mica mundial m\u00e1s importante de estas d\u00e9cadas, hace esta pregunta y nos acompa\u00f1a a seis pa\u00edses para encontrar respuestas en el origen de sus tradiciones culinarias.\u00a0Y lo hace como director invitado del primer n\u00famero de una nueva revista,\u00a0<strong>Apart.<\/strong>[\/vc_custom_heading][\/vc_column][\/vc_row][vc_row unlock_row_content=\u00bbyes\u00bb row_height_percent=\u00bb80&#8243; override_padding=\u00bbyes\u00bb h_padding=\u00bb0&#8243; top_padding=\u00bb0&#8243; bottom_padding=\u00bb0&#8243; back_color=\u00bbcolor-prif\u00bb overlay_alpha=\u00bb50&#8243; equal_height=\u00bbyes\u00bb gutter_size=\u00bb0&#8243; column_width_percent=\u00bb100&#8243; mobile_visibility=\u00bbyes\u00bb shift_y=\u00bb0&#8243; z_index=\u00bb0&#8243;][vc_column column_width_percent=\u00bb100&#8243; position_vertical=\u00bbmiddle\u00bb align_horizontal=\u00bbalign_center\u00bb expand_height=\u00bbyes\u00bb override_padding=\u00bbyes\u00bb column_padding=\u00bb5&#8243; back_image=\u00bb3214&#8243; back_repeat=\u00bbno-repeat\u00bb back_position=\u00bbcenter center\u00bb parallax=\u00bbyes\u00bb overlay_alpha=\u00bb0&#8243; gutter_size=\u00bb3&#8243; medium_width=\u00bb0&#8243; mobile_width=\u00bb0&#8243; shift_x=\u00bb0&#8243; shift_y=\u00bb0&#8243; shift_y_down=\u00bb0&#8243; z_index=\u00bb0&#8243; width=\u00bb1\/2&#8243;][\/vc_column][vc_column column_width_percent=\u00bb70&#8243; position_vertical=\u00bbmiddle\u00bb align_horizontal=\u00bbalign_center\u00bb override_padding=\u00bbyes\u00bb column_padding=\u00bb5&#8243; style=\u00bblight\u00bb back_color=\u00bbcolor-xsdn\u00bb overlay_alpha=\u00bb50&#8243; gutter_size=\u00bb3&#8243; medium_width=\u00bb0&#8243; mobile_width=\u00bb0&#8243; shift_x=\u00bb0&#8243; shift_y=\u00bb0&#8243; shift_y_down=\u00bb0&#8243; z_index=\u00bb0&#8243; width=\u00bb1\/2&#8243;][vc_custom_heading css_animation=\u00bbbottom-t-top\u00bb animation_speed=\u00bb800&#8243;]<\/p>\n<h2 style=\"text-align: center;\"><strong>Los caminos de la nueva alta cocina<\/strong><\/h2>\n<p>[\/vc_custom_heading][vc_column_text css_animation=\u00bbbottom-t-top\u00bb animation_speed=\u00bb800&#8243; animation_delay=\u00bb200&#8243;]<\/p>\n<p style=\"text-align: center;\">A partir de la revoluci\u00f3n que Adri\u00e0 impuls\u00f3 desde elBulli, la alta cocina francesa dej\u00f3 de ser el \u00fanico referente gastron\u00f3mico.\u00a0Cualquier cultura gastron\u00f3mica puede inspirar nuevas maneras de cocinar y de comer.\u00a0En estos seis destinos encontramos t\u00e9cnicas, ingredientes y chefs que lo demuestran.\u00a0Ren\u00e9 Redzepi, Yoshihiro Narisawa y Najat Kaanache comparten protagonismo con cocineros an\u00f3nimos herederos de tradiciones gastron\u00f3micas tan ancestrales como vigentes.<\/p>\n<p>[\/vc_column_text][\/vc_column][\/vc_row][vc_row unlock_row_content=\u00bbyes\u00bb row_height_percent=\u00bb80&#8243; override_padding=\u00bbyes\u00bb h_padding=\u00bb0&#8243; top_padding=\u00bb0&#8243; bottom_padding=\u00bb0&#8243; back_color=\u00bbcolor-prif\u00bb overlay_alpha=\u00bb50&#8243; equal_height=\u00bbyes\u00bb gutter_size=\u00bb0&#8243; column_width_percent=\u00bb100&#8243; desktop_visibility=\u00bbyes\u00bb medium_visibility=\u00bbyes\u00bb shift_y=\u00bb0&#8243; z_index=\u00bb0&#8243;][vc_column column_width_percent=\u00bb100&#8243; position_vertical=\u00bbmiddle\u00bb align_horizontal=\u00bbalign_center\u00bb expand_height=\u00bbyes\u00bb override_padding=\u00bbyes\u00bb column_padding=\u00bb0&#8243; overlay_alpha=\u00bb0&#8243; gutter_size=\u00bb3&#8243; medium_width=\u00bb0&#8243; mobile_width=\u00bb0&#8243; shift_x=\u00bb0&#8243; shift_y=\u00bb0&#8243; shift_y_down=\u00bb0&#8243; z_index=\u00bb0&#8243; width=\u00bb1\/2&#8243;][vc_single_image media=\u00bb3214&#8243; media_width_percent=\u00bb100&#8243; alignment=\u00bbcenter\u00bb][\/vc_column][vc_column column_width_percent=\u00bb70&#8243; position_vertical=\u00bbmiddle\u00bb align_horizontal=\u00bbalign_center\u00bb override_padding=\u00bbyes\u00bb column_padding=\u00bb5&#8243; style=\u00bblight\u00bb back_color=\u00bbcolor-xsdn\u00bb overlay_alpha=\u00bb50&#8243; gutter_size=\u00bb3&#8243; medium_width=\u00bb0&#8243; mobile_width=\u00bb0&#8243; shift_x=\u00bb0&#8243; shift_y=\u00bb0&#8243; shift_y_down=\u00bb0&#8243; z_index=\u00bb0&#8243; width=\u00bb1\/2&#8243;][vc_custom_heading css_animation=\u00bbbottom-t-top\u00bb animation_speed=\u00bb800&#8243;]<\/p>\n<h2 style=\"text-align: center;\"><strong>Los caminos de la nueva alta cocina<\/strong><\/h2>\n<p>[\/vc_custom_heading][vc_column_text css_animation=\u00bbbottom-t-top\u00bb animation_speed=\u00bb800&#8243; animation_delay=\u00bb200&#8243;]<\/p>\n<p style=\"text-align: center;\">A partir de la revoluci\u00f3n que Adri\u00e0 impuls\u00f3 desde elBulli, la alta cocina francesa dej\u00f3 de ser el \u00fanico referente gastron\u00f3mico.\u00a0Cualquier cultura gastron\u00f3mica puede inspirar nuevas maneras de cocinar y de comer.\u00a0En estos seis destinos encontramos t\u00e9cnicas, ingredientes y chefs que lo demuestran.\u00a0Ren\u00e9 Redzepi, Yoshihiro Narisawa y Najat Kaanache comparten protagonismo con cocineros an\u00f3nimos herederos de tradiciones gastron\u00f3micas tan ancestrales como vigentes.<\/p>\n<p>[\/vc_column_text][\/vc_column][\/vc_row][vc_row unlock_row_content=\u00bbyes\u00bb row_height_percent=\u00bb0&#8243; override_padding=\u00bbyes\u00bb h_padding=\u00bb0&#8243; top_padding=\u00bb0&#8243; bottom_padding=\u00bb0&#8243; overlay_alpha=\u00bb50&#8243; gutter_size=\u00bb3&#8243; column_width_percent=\u00bb100&#8243; shift_y=\u00bb0&#8243; z_index=\u00bb0&#8243;][vc_column width=\u00bb1\/1&#8243;][vc_gallery el_id=\u00bbgallery-173938&#8243; type=\u00bbcarousel\u00bb medias=\u00bb3417,3415,3419,3423,3421,3413&#8243; carousel_lg=\u00bb4&#8243; carousel_md=\u00bb3&#8243; carousel_sm=\u00bb1&#8243; thumb_size=\u00bbone-one\u00bb gutter_size=\u00bb0&#8243; media_items=\u00bbmedia|lightbox|original\u00bb carousel_interval=\u00bb5000&#8243; carousel_navspeed=\u00bb1000&#8243; carousel_loop=\u00bbyes\u00bb stage_padding=\u00bb0&#8243; single_overlay_opacity=\u00bb50&#8243; single_image_coloration=\u00bbdesaturated\u00bb single_image_color_anim=\u00bbyes\u00bb single_padding=\u00bb2&#8243; single_border=\u00bbyes\u00bb lbox_caption=\u00bbyes\u00bb items=\u00bbeyIzNDE3X2kiOnsic2luZ2xlX2xheW91dF9tZWRpYV9pdGVtcyI6Im1lZGlhfGxpZ2h0Ym94fG9yaWdpbmFsIn19&#8243;][\/vc_column][\/vc_row][vc_row unlock_row_content=\u00bbyes\u00bb row_height_percent=\u00bb80&#8243; override_padding=\u00bbyes\u00bb h_padding=\u00bb0&#8243; top_padding=\u00bb0&#8243; bottom_padding=\u00bb0&#8243; back_color=\u00bbcolor-prif\u00bb overlay_alpha=\u00bb50&#8243; equal_height=\u00bbyes\u00bb gutter_size=\u00bb0&#8243; column_width_percent=\u00bb100&#8243; mobile_visibility=\u00bbyes\u00bb shift_y=\u00bb0&#8243; z_index=\u00bb0&#8243;][vc_column column_width_percent=\u00bb70&#8243; position_vertical=\u00bbmiddle\u00bb align_horizontal=\u00bbalign_center\u00bb override_padding=\u00bbyes\u00bb column_padding=\u00bb5&#8243; style=\u00bblight\u00bb back_color=\u00bbcolor-xsdn\u00bb overlay_alpha=\u00bb20&#8243; gutter_size=\u00bb3&#8243; medium_width=\u00bb0&#8243; mobile_width=\u00bb0&#8243; shift_x=\u00bb0&#8243; shift_y=\u00bb0&#8243; shift_y_down=\u00bb0&#8243; z_index=\u00bb0&#8243; width=\u00bb1\/2&#8243;][vc_custom_heading css_animation=\u00bbbottom-t-top\u00bb animation_speed=\u00bb800&#8243;]<\/p>\n<h2 style=\"text-align: center;\"><strong>Un viaje culinario de norte a sur y de este a oeste<\/strong><\/h2>\n<p>[\/vc_custom_heading][vc_column_text css_animation=\u00bbbottom-t-top\u00bb animation_speed=\u00bb800&#8243; animation_delay=\u00bb200&#8243;]<\/p>\n<p style=\"text-align: center;\">El equipo de la revista\u00a0<em>Apart\u00a0<\/em>ha recorrido\u00a0m\u00e1s de 64.000\u00a0km por todo el mundo para explorar sobre el terreno estas cocinas inspiradoras y recoger los testimonios escritos, fotogr\u00e1ficos y audiovisuales en realidad virtual para explicarlos.<\/p>\n<p>[\/vc_column_text][\/vc_column][vc_column column_width_percent=\u00bb100&#8243; position_vertical=\u00bbmiddle\u00bb align_horizontal=\u00bbalign_center\u00bb override_padding=\u00bbyes\u00bb column_padding=\u00bb5&#8243; style=\u00bbdark\u00bb back_color=\u00bbaccent\u00bb back_image=\u00bb3217&#8243; back_repeat=\u00bbno-repeat\u00bb back_position=\u00bbcenter center\u00bb parallax=\u00bbyes\u00bb overlay_alpha=\u00bb20&#8243; gutter_size=\u00bb3&#8243; medium_width=\u00bb0&#8243; mobile_visibility=\u00bbyes\u00bb mobile_width=\u00bb0&#8243; shift_x=\u00bb0&#8243; shift_y=\u00bb0&#8243; shift_y_down=\u00bb0&#8243; z_index=\u00bb0&#8243; width=\u00bb1\/2&#8243;][\/vc_column][\/vc_row][vc_row unlock_row_content=\u00bbyes\u00bb row_height_percent=\u00bb80&#8243; override_padding=\u00bbyes\u00bb h_padding=\u00bb0&#8243; top_padding=\u00bb0&#8243; bottom_padding=\u00bb0&#8243; back_color=\u00bbcolor-prif\u00bb overlay_alpha=\u00bb50&#8243; equal_height=\u00bbyes\u00bb gutter_size=\u00bb0&#8243; column_width_percent=\u00bb100&#8243; desktop_visibility=\u00bbyes\u00bb medium_visibility=\u00bbyes\u00bb shift_y=\u00bb0&#8243; z_index=\u00bb0&#8243;][vc_column column_width_percent=\u00bb100&#8243; position_vertical=\u00bbmiddle\u00bb align_horizontal=\u00bbalign_center\u00bb expand_height=\u00bbyes\u00bb override_padding=\u00bbyes\u00bb column_padding=\u00bb0&#8243; overlay_alpha=\u00bb0&#8243; gutter_size=\u00bb3&#8243; medium_width=\u00bb0&#8243; mobile_width=\u00bb0&#8243; shift_x=\u00bb0&#8243; shift_y=\u00bb0&#8243; shift_y_down=\u00bb0&#8243; z_index=\u00bb0&#8243; width=\u00bb1\/2&#8243;][vc_single_image media=\u00bb3217&#8243; media_width_percent=\u00bb100&#8243; alignment=\u00bbcenter\u00bb][\/vc_column][vc_column column_width_percent=\u00bb70&#8243; position_vertical=\u00bbmiddle\u00bb align_horizontal=\u00bbalign_center\u00bb override_padding=\u00bbyes\u00bb column_padding=\u00bb5&#8243; style=\u00bblight\u00bb back_color=\u00bbcolor-xsdn\u00bb overlay_alpha=\u00bb50&#8243; gutter_size=\u00bb3&#8243; medium_width=\u00bb0&#8243; mobile_width=\u00bb0&#8243; shift_x=\u00bb0&#8243; shift_y=\u00bb0&#8243; shift_y_down=\u00bb0&#8243; z_index=\u00bb0&#8243; width=\u00bb1\/2&#8243;][vc_custom_heading css_animation=\u00bbbottom-t-top\u00bb animation_speed=\u00bb800&#8243;]<\/p>\n<h2 style=\"text-align: center;\"><strong>Un viaje culinario de norte a sur y de este a oeste<\/strong><\/h2>\n<p>[\/vc_custom_heading][vc_column_text css_animation=\u00bbbottom-t-top\u00bb animation_speed=\u00bb800&#8243; animation_delay=\u00bb200&#8243;]<\/p>\n<p style=\"text-align: center;\">El equipo de la revista\u00a0<em>Apart\u00a0<\/em>ha recorrido\u00a0m\u00e1s de 64.000\u00a0km por todo el mundo para explorar sobre el terreno estas cocinas inspiradoras y recoger los testimonios escritos, fotogr\u00e1ficos y audiovisuales en realidad virtual para explicarlos.<\/p>\n<p>[\/vc_column_text][\/vc_column][\/vc_row][vc_row row_height_percent=\u00bb85&#8243; override_padding=\u00bbyes\u00bb h_padding=\u00bb7&#8243; top_padding=\u00bb5&#8243; bottom_padding=\u00bb5&#8243; overlay_alpha=\u00bb50&#8243; gutter_size=\u00bb3&#8243; column_width_percent=\u00bb100&#8243; shift_y=\u00bb0&#8243; z_index=\u00bb0&#8243;][vc_column column_width_percent=\u00bb100&#8243; position_vertical=\u00bbmiddle\u00bb align_horizontal=\u00bbalign_center\u00bb overlay_alpha=\u00bb50&#8243; gutter_size=\u00bb3&#8243; medium_width=\u00bb0&#8243; mobile_width=\u00bb0&#8243; shift_x=\u00bb0&#8243; shift_y=\u00bb0&#8243; shift_y_down=\u00bb0&#8243; z_index=\u00bb0&#8243; width=\u00bb1\/1&#8243;][uncode_slider slider_interval=\u00bb5000&#8243; slider_navspeed=\u00bb1000&#8243; slider_loop=\u00bbyes\u00bb][vc_row_inner row_inner_height_percent=\u00bb0&#8243; back_color=\u00bbcolor-293648&#8243; back_image=\u00bb3229&#8243; overlay_alpha=\u00bb50&#8243; gutter_size=\u00bb3&#8243; shift_y=\u00bb0&#8243; z_index=\u00bb0&#8243;][vc_column_inner column_width_percent=\u00bb100&#8243; position_vertical=\u00bbmiddle\u00bb align_horizontal=\u00bbalign_center\u00bb style=\u00bbdark\u00bb gutter_size=\u00bb3&#8243; overlay_alpha=\u00bb50&#8243; medium_width=\u00bb0&#8243; mobile_width=\u00bb0&#8243; shift_x=\u00bb0&#8243; shift_y=\u00bb0&#8243; shift_y_down=\u00bb0&#8243; z_index=\u00bb0&#8243; width=\u00bb1\/1&#8243;][vc_custom_heading text_weight=\u00bb600&#8243; sub_reduced=\u00bbyes\u00bb css_animation=\u00bbbottom-t-top\u00bb animation_speed=\u00bb800&#8243;]<\/p>\n<h4 style=\"text-align: center;\"><span class=\"font-555555\">BRASIL<\/span><\/h4>\n<h2 style=\"text-align: center;\">La despensa universal<\/h2>\n<p>[\/vc_custom_heading][vc_column_text css_animation=\u00bbbottom-t-top\u00bb animation_speed=\u00bb800&#8243; animation_delay=\u00bb200&#8243; css=\u00bb.vc_custom_1569173490868{padding-right: 30% !important;padding-left: 30% !important;}\u00bb]<\/p>\n<p style=\"text-align: center;\">Creemos que podemos encontrar de todo en todas partes, pero todav\u00eda existen rincones donde nos podemos sorprender.\u00a0Lo hemos descubierto en el mercado de Bel\u00e9m do Par\u00e1, a las puertas del Amazonas.<\/p>\n<p>[\/vc_column_text][\/vc_column_inner][\/vc_row_inner][vc_row_inner row_inner_height_percent=\u00bb0&#8243; back_color=\u00bbcolor-293648&#8243; back_image=\u00bb3235&#8243; overlay_alpha=\u00bb50&#8243; gutter_size=\u00bb3&#8243; shift_y=\u00bb0&#8243; z_index=\u00bb0&#8243;][vc_column_inner column_width_percent=\u00bb100&#8243; position_vertical=\u00bbmiddle\u00bb align_horizontal=\u00bbalign_center\u00bb style=\u00bbdark\u00bb gutter_size=\u00bb3&#8243; overlay_alpha=\u00bb50&#8243; medium_width=\u00bb0&#8243; mobile_width=\u00bb0&#8243; shift_x=\u00bb0&#8243; shift_y=\u00bb0&#8243; shift_y_down=\u00bb0&#8243; z_index=\u00bb0&#8243; width=\u00bb1\/1&#8243;][vc_custom_heading text_weight=\u00bb600&#8243; sub_reduced=\u00bbyes\u00bb css_animation=\u00bbbottom-t-top\u00bb animation_speed=\u00bb800&#8243;]<\/p>\n<h4 style=\"text-align: center;\"><span class=\"font-555555\">JAP\u00d3N<\/span><\/h4>\n<h2 style=\"text-align: center;\">La innovaci\u00f3n es la esencia<\/h2>\n<p>[\/vc_custom_heading][vc_column_text css_animation=\u00bbbottom-t-top\u00bb animation_speed=\u00bb800&#8243; animation_delay=\u00bb200&#8243; css=\u00bb.vc_custom_1569173571632{padding-right: 30% !important;padding-left: 30% !important;}\u00bb]<\/p>\n<p style=\"text-align: center;\">Descubriremos como, gracias a la tecnolog\u00eda culinaria m\u00e1s avanzada, el c\u00e9lebre chef Yoshihiro Narisawa (Tokio) afina la tradici\u00f3n de su pa\u00eds.<\/p>\n<p>[\/vc_column_text][\/vc_column_inner][\/vc_row_inner][vc_row_inner row_inner_height_percent=\u00bb0&#8243; back_image=\u00bb3226&#8243; back_position=\u00bbcenter center\u00bb overlay_alpha=\u00bb50&#8243; gutter_size=\u00bb3&#8243; shift_y=\u00bb0&#8243; z_index=\u00bb0&#8243;][vc_column_inner column_width_percent=\u00bb100&#8243; position_vertical=\u00bbmiddle\u00bb align_horizontal=\u00bbalign_center\u00bb style=\u00bbdark\u00bb gutter_size=\u00bb3&#8243; overlay_alpha=\u00bb50&#8243; medium_width=\u00bb0&#8243; mobile_width=\u00bb0&#8243; shift_x=\u00bb0&#8243; shift_y=\u00bb0&#8243; shift_y_down=\u00bb0&#8243; z_index=\u00bb0&#8243; width=\u00bb1\/1&#8243;][vc_custom_heading text_weight=\u00bb600&#8243; sub_reduced=\u00bbyes\u00bb css_animation=\u00bbbottom-t-top\u00bb animation_speed=\u00bb800&#8243;]<\/p>\n<h4 style=\"text-align: center;\"><span class=\"font-555555\">ARGENTINA<\/span><\/h4>\n<h2 style=\"text-align: center;\">Tan ancestral, tan actual<\/h2>\n<p>[\/vc_custom_heading][vc_column_text css_animation=\u00bbbottom-t-top\u00bb animation_speed=\u00bb800&#8243; animation_delay=\u00bb200&#8243; css=\u00bb.vc_custom_1569173582914{padding-right: 30% !important;padding-left: 30% !important;}\u00bb]<\/p>\n<p style=\"text-align: center;\">\u00bfC\u00f3mo es que una t\u00e9cnica de hace m\u00e1s de un mill\u00f3n de a\u00f1os todav\u00eda no ha sufrido pr\u00e1cticamente ning\u00fan cambio?\u00a0Indagamos en las razones que hacen que el\u00a0<em>asado\u00a0<\/em>argentino todav\u00eda nos fascine.<\/p>\n<p>[\/vc_column_text][\/vc_column_inner][\/vc_row_inner][vc_row_inner row_inner_height_percent=\u00bb0&#8243; back_color=\u00bbcolor-293648&#8243; back_image=\u00bb3232&#8243; overlay_alpha=\u00bb50&#8243; gutter_size=\u00bb3&#8243; shift_y=\u00bb0&#8243; z_index=\u00bb0&#8243;][vc_column_inner column_width_percent=\u00bb100&#8243; position_vertical=\u00bbmiddle\u00bb align_horizontal=\u00bbalign_center\u00bb style=\u00bbdark\u00bb gutter_size=\u00bb3&#8243; overlay_alpha=\u00bb50&#8243; medium_width=\u00bb0&#8243; mobile_width=\u00bb0&#8243; shift_x=\u00bb0&#8243; shift_y=\u00bb0&#8243; shift_y_down=\u00bb0&#8243; z_index=\u00bb0&#8243; width=\u00bb1\/1&#8243;][vc_custom_heading text_weight=\u00bb600&#8243; sub_reduced=\u00bbyes\u00bb css_animation=\u00bbbottom-t-top\u00bb animation_speed=\u00bb800&#8243;]<\/p>\n<h4 style=\"text-align: center;\"><span class=\"font-555555\">DINAMARCA<\/span><\/h4>\n<h2 style=\"text-align: center;\">La proximidad es creatividad<\/h2>\n<p>[\/vc_custom_heading][vc_column_text css_animation=\u00bbbottom-t-top\u00bb animation_speed=\u00bb800&#8243; animation_delay=\u00bb200&#8243; css=\u00bb.vc_custom_1569173590924{padding-right: 30% !important;padding-left: 30% !important;}\u00bb]<\/p>\n<p style=\"text-align: center;\">La mirada del chef Ren\u00e9 Redzepi, tras su paso por elBulli, sobre los ingredientes naturales de su pa\u00eds ha renovado la despensa y la gastronom\u00eda escandinavas.<\/p>\n<p>[\/vc_column_text][\/vc_column_inner][\/vc_row_inner][vc_row_inner row_inner_height_percent=\u00bb0&#8243; back_color=\u00bbcolor-293648&#8243; back_image=\u00bb3241&#8243; overlay_alpha=\u00bb50&#8243; gutter_size=\u00bb3&#8243; shift_y=\u00bb0&#8243; z_index=\u00bb0&#8243;][vc_column_inner column_width_percent=\u00bb100&#8243; position_vertical=\u00bbmiddle\u00bb align_horizontal=\u00bbalign_center\u00bb style=\u00bbdark\u00bb gutter_size=\u00bb3&#8243; overlay_alpha=\u00bb50&#8243; medium_width=\u00bb0&#8243; mobile_width=\u00bb0&#8243; shift_x=\u00bb0&#8243; shift_y=\u00bb0&#8243; shift_y_down=\u00bb0&#8243; z_index=\u00bb0&#8243; width=\u00bb1\/1&#8243;][vc_custom_heading text_weight=\u00bb600&#8243; sub_reduced=\u00bbyes\u00bb css_animation=\u00bbbottom-t-top\u00bb animation_speed=\u00bb800&#8243;]<\/p>\n<h4 style=\"text-align: center;\"><span class=\"font-555555\">MARRUECOS<\/span><\/h4>\n<h2 style=\"text-align: center;\">De la tradici\u00f3n a la creaci\u00f3n<\/h2>\n<p>[\/vc_custom_heading][vc_column_text css_animation=\u00bbbottom-t-top\u00bb animation_speed=\u00bb800&#8243; animation_delay=\u00bb200&#8243; css=\u00bb.vc_custom_1569173598865{padding-right: 30% !important;padding-left: 30% !important;}\u00bb]<\/p>\n<p style=\"text-align: center;\">La chef Najat Kaanache nos abre las puertas del Nur, su sorprendente restaurante de la medina de Fez, que ha elevado la cocina marroqu\u00ed a la alta gastronom\u00eda.<\/p>\n<p>[\/vc_column_text][\/vc_column_inner][\/vc_row_inner][vc_row_inner row_inner_height_percent=\u00bb0&#8243; back_color=\u00bbcolor-293648&#8243; back_image=\u00bb3238&#8243; overlay_alpha=\u00bb50&#8243; gutter_size=\u00bb3&#8243; shift_y=\u00bb0&#8243; z_index=\u00bb0&#8243;][vc_column_inner column_width_percent=\u00bb100&#8243; position_vertical=\u00bbmiddle\u00bb align_horizontal=\u00bbalign_center\u00bb style=\u00bbdark\u00bb gutter_size=\u00bb3&#8243; overlay_alpha=\u00bb50&#8243; medium_width=\u00bb0&#8243; mobile_width=\u00bb0&#8243; shift_x=\u00bb0&#8243; shift_y=\u00bb0&#8243; shift_y_down=\u00bb0&#8243; z_index=\u00bb0&#8243; width=\u00bb1\/1&#8243;][vc_custom_heading text_weight=\u00bb600&#8243; sub_reduced=\u00bbyes\u00bb css_animation=\u00bbbottom-t-top\u00bb animation_speed=\u00bb800&#8243;]<\/p>\n<h4 style=\"text-align: center;\"><span class=\"font-555555\">GRECIA<\/span><\/h4>\n<h2 style=\"text-align: center;\">Detr\u00e1s de la cocina, filosof\u00eda<\/h2>\n<p>[\/vc_custom_heading][vc_column_text css_animation=\u00bbbottom-t-top\u00bb animation_speed=\u00bb800&#8243; animation_delay=\u00bb200&#8243; css=\u00bb.vc_custom_1569173618473{padding-right: 30% !important;padding-left: 30% !important;}\u00bb]<\/p>\n<p style=\"text-align: center;\">Viajamos a Creta para descubrir la cocina popular, una cocina conectada con una manera de entender el mundo basada en el equilibrio, la medida humana&#8230; Y el disfrute de la vida.<\/p>\n<p>[\/vc_column_text][\/vc_column_inner][\/vc_row_inner][\/uncode_slider][\/vc_column][\/vc_row]<\/p>\n<\/div>","protected":false},"excerpt":{"rendered":"<p>[vc_row row_height_percent=\u00bb25&#8243; override_padding=\u00bbyes\u00bb h_padding=\u00bb7&#8243; top_padding=\u00bb5&#8243; bottom_padding=\u00bb5&#8243; back_color=\u00bbcolor-354075&#8243; overlay_alpha=\u00bb50&#8243; gutter_size=\u00bb3&#8243; column_width_percent=\u00bb100&#8243; shift_y=\u00bb0&#8243; z_index=\u00bb0&#8243;][vc_column column_width_percent=\u00bb70&#8243; position_vertical=\u00bbmiddle\u00bb align_horizontal=\u00bbalign_center\u00bb style=\u00bblight\u00bb overlay_alpha=\u00bb50&#8243; gutter_size=\u00bb3&#8243; medium_width=\u00bb0&#8243; mobile_width=\u00bb0&#8243; [&hellip;]<\/p>\n","protected":false},"author":15,"featured_media":0,"parent":0,"menu_order":1,"comment_status":"closed","ping_status":"closed","template":"","meta":{"_exactmetrics_skip_tracking":false,"_exactmetrics_sitenote_active":false,"_exactmetrics_sitenote_note":"","_exactmetrics_sitenote_category":0,"footnotes":""},"class_list":["post-797","page","type-page","status-publish","hentry","page_category-editorial-es"],"jetpack_sharing_enabled":true,"jetpack_shortlink":"https:\/\/wp.me\/Pa7vjv-cR","_links":{"self":[{"href":"https:\/\/apartgastro.com\/es\/wp-json\/wp\/v2\/pages\/797","targetHints":{"allow":["GET"]}}],"collection":[{"href":"https:\/\/apartgastro.com\/es\/wp-json\/wp\/v2\/pages"}],"about":[{"href":"https:\/\/apartgastro.com\/es\/wp-json\/wp\/v2\/types\/page"}],"author":[{"embeddable":true,"href":"https:\/\/apartgastro.com\/es\/wp-json\/wp\/v2\/users\/15"}],"replies":[{"embeddable":true,"href":"https:\/\/apartgastro.com\/es\/wp-json\/wp\/v2\/comments?post=797"}],"version-history":[{"count":5,"href":"https:\/\/apartgastro.com\/es\/wp-json\/wp\/v2\/pages\/797\/revisions"}],"predecessor-version":[{"id":3679,"href":"https:\/\/apartgastro.com\/es\/wp-json\/wp\/v2\/pages\/797\/revisions\/3679"}],"wp:attachment":[{"href":"https:\/\/apartgastro.com\/es\/wp-json\/wp\/v2\/media?parent=797"}],"curies":[{"name":"wp","href":"https:\/\/api.w.org\/{rel}","templated":true}]}}