{"id":792,"date":"2018-07-28T10:23:28","date_gmt":"2018-07-28T10:23:28","guid":{"rendered":"http:\/\/apartgastro.com\/aurea-dicta-de-miquel-barcelo\/"},"modified":"2024-05-30T15:47:45","modified_gmt":"2024-05-30T15:47:45","slug":"aurea-dicta-de-miquel-barcelo","status":"publish","type":"page","link":"https:\/\/apartgastro.com\/es\/","title":{"rendered":"Apart \u2013 La gastronom\u00eda que viene"},"content":{"rendered":"<div class=\"wpb-content-wrapper\"><p>[vc_row row_height_percent=\u00bb25&#8243; override_padding=\u00bbyes\u00bb h_padding=\u00bb7&#8243; top_padding=\u00bb4&#8243; bottom_padding=\u00bb4&#8243; back_color=\u00bbcolor-xsdn\u00bb overlay_alpha=\u00bb50&#8243; gutter_size=\u00bb3&#8243; column_width_percent=\u00bb100&#8243; shift_y=\u00bb0&#8243; z_index=\u00bb0&#8243;][vc_column column_width_percent=\u00bb75&#8243; position_vertical=\u00bbmiddle\u00bb align_horizontal=\u00bbalign_center\u00bb gutter_size=\u00bb3&#8243; overlay_alpha=\u00bb50&#8243; shift_x=\u00bb0&#8243; shift_y=\u00bb0&#8243; shift_y_down=\u00bb0&#8243; z_index=\u00bb0&#8243; medium_width=\u00bb0&#8243; mobile_width=\u00bb0&#8243; css_animation=\u00bbbottom-t-top\u00bb animation_speed=\u00bb800&#8243; animation_delay=\u00bb200&#8243; width=\u00bb1\/1&#8243;][vc_custom_heading heading_semantic=\u00bbh3&#8243; text_font=\u00bbfont-855250&#8243; text_size=\u00bbh3&#8243; uncode_shortcode_id=\u00bb305949&#8243;]<\/p>\n<h3 style=\"text-align: center;\">Un recorrido por el Mediterr\u00e1neo<\/h3>\n<p>[\/vc_custom_heading][vc_column_text uncode_shortcode_id=\u00bb974772&#8243;]<\/p>\n<p style=\"text-align: center;\">Con Oriol Castro, Eduard Xatruch y Mateu Casa\u00f1as emprendemos una traves\u00eda por siete territorios ba\u00f1ados por nuestro mar, un espacio lleno de retos en torno a la cocina y la alimentaci\u00f3n, que ven como una gran rambla o mercado indispensable para entender tanto los or\u00edgenes como la realidad de esa sociedad.<\/p>\n<p>[\/vc_column_text][\/vc_column][\/vc_row][vc_row unlock_row_content=\u00bbyes\u00bb row_height_percent=\u00bb80&#8243; back_color=\u00bbcolor-prif\u00bb back_image=\u00bb5365&#8243; back_repeat=\u00bbno-repeat\u00bb back_position=\u00bbcenter center\u00bb parallax=\u00bbyes\u00bb overlay_color=\u00bbcolor-402294&#8243; overlay_alpha=\u00bb15&#8243; gutter_size=\u00bb3&#8243; column_width_percent=\u00bb100&#8243; shift_y=\u00bb0&#8243; z_index=\u00bb0&#8243; mobile_visibility=\u00bbyes\u00bb uncode_shortcode_id=\u00bb154709&#8243; back_color_type=\u00bbuncode-palette\u00bb overlay_color_type=\u00bbuncode-palette\u00bb shape_dividers=\u00bb\u00bb][vc_column column_width_percent=\u00bb100&#8243; position_vertical=\u00bbmiddle\u00bb align_horizontal=\u00bbalign_center\u00bb gutter_size=\u00bb3&#8243; style=\u00bbdark\u00bb overlay_alpha=\u00bb50&#8243; shift_x=\u00bb0&#8243; shift_y=\u00bb0&#8243; shift_y_down=\u00bb0&#8243; z_index=\u00bb0&#8243; medium_width=\u00bb0&#8243; mobile_width=\u00bb0&#8243; width=\u00bb1\/1&#8243;][vc_custom_heading text_color=\u00bbcolor-xsdn\u00bb heading_semantic=\u00bbh1&#8243; text_size=\u00bbh1&#8243; css_animation=\u00bbbottom-t-top\u00bb animation_speed=\u00bb800&#8243; animation_delay=\u00bb200&#8243; uncode_shortcode_id=\u00bb266517&#8243; text_color_type=\u00bbuncode-palette\u00bb]El Mediterr\u00e1neo[\/vc_custom_heading][vc_button size=\u00bbbtn-lg\u00bb radius=\u00bbbtn-round\u00bb hover_fx=\u00bboutlined\u00bb outline=\u00bbyes\u00bb custom_typo=\u00bbyes\u00bb font_family=\u00bbfont-555555&#8243; font_weight=\u00bb600&#8243; border_width=\u00bb0&#8243; css_animation=\u00bbbottom-t-top\u00bb animation_speed=\u00bb800&#8243; animation_delay=\u00bb400&#8243; link=\u00bburl:https%3A%2F%2Fapartgastro.com%2Fes%2Fnumero-3%2F|\u00bb el_class=\u00bbryv-popup\u00bb rel=\u00bblightbox\u00bb uncode_shortcode_id=\u00bb386731&#8243;]EXPLORA[\/vc_button][\/vc_column][\/vc_row][vc_row unlock_row_content=\u00bbyes\u00bb row_height_percent=\u00bb80&#8243; override_padding=\u00bbyes\u00bb h_padding=\u00bb7&#8243; top_padding=\u00bb7&#8243; bottom_padding=\u00bb2&#8243; back_color=\u00bbcolor-prif\u00bb back_image=\u00bb4964&#8243; back_repeat=\u00bbno-repeat\u00bb back_position=\u00bbcenter center\u00bb parallax=\u00bbyes\u00bb overlay_color=\u00bbcolor-402294&#8243; overlay_alpha=\u00bb15&#8243; gutter_size=\u00bb3&#8243; column_width_percent=\u00bb100&#8243; shift_y=\u00bb0&#8243; z_index=\u00bb0&#8243; desktop_visibility=\u00bbyes\u00bb medium_visibility=\u00bbyes\u00bb][vc_column column_width_percent=\u00bb100&#8243; position_vertical=\u00bbmiddle\u00bb align_horizontal=\u00bbalign_center\u00bb gutter_size=\u00bb3&#8243; override_padding=\u00bbyes\u00bb column_padding=\u00bb5&#8243; expand_height=\u00bbyes\u00bb style=\u00bbdark\u00bb overlay_alpha=\u00bb50&#8243; shift_x=\u00bb0&#8243; shift_y=\u00bb0&#8243; shift_y_down=\u00bb0&#8243; z_index=\u00bb0&#8243; medium_width=\u00bb0&#8243; mobile_width=\u00bb0&#8243; width=\u00bb1\/1&#8243;][vc_custom_heading text_color=\u00bbcolor-xsdn\u00bb heading_semantic=\u00bbh1&#8243; text_size=\u00bbh1&#8243; css_animation=\u00bbbottom-t-top\u00bb animation_speed=\u00bb800&#8243; animation_delay=\u00bb200&#8243;]Las microrevoluciones[\/vc_custom_heading][vc_button size=\u00bbbtn-lg\u00bb radius=\u00bbbtn-round\u00bb hover_fx=\u00bboutlined\u00bb outline=\u00bbyes\u00bb custom_typo=\u00bbyes\u00bb font_family=\u00bbfont-555555&#8243; font_weight=\u00bb600&#8243; border_width=\u00bb0&#8243; css_animation=\u00bbbottom-t-top\u00bb animation_speed=\u00bb800&#8243; animation_delay=\u00bb400&#8243; link=\u00bburl:https%3A%2F%2Fapartgastro.com%2Fes%2Fnumero-2%2F|\u00bb el_class=\u00bbryv-popup\u00bb rel=\u00bblightbox\u00bb]EXPLORA[\/vc_button][\/vc_column][\/vc_row][vc_row unlock_row_content=\u00bbyes\u00bb row_height_percent=\u00bb80&#8243; override_padding=\u00bbyes\u00bb h_padding=\u00bb0&#8243; top_padding=\u00bb0&#8243; bottom_padding=\u00bb0&#8243; overlay_alpha=\u00bb50&#8243; equal_height=\u00bbyes\u00bb gutter_size=\u00bb0&#8243; column_width_percent=\u00bb100&#8243; shift_y=\u00bb0&#8243; z_index=\u00bb0&#8243; mobile_visibility=\u00bbyes\u00bb row_height_pixel=\u00bb200&#8243;][vc_column column_width_percent=\u00bb100&#8243; position_vertical=\u00bbmiddle\u00bb align_horizontal=\u00bbalign_center\u00bb gutter_size=\u00bb3&#8243; style=\u00bbdark\u00bb back_color=\u00bbcolor-uydo\u00bb back_image=\u00bb5328&#8243; back_repeat=\u00bbno-repeat\u00bb overlay_color=\u00bbcolor-jevc\u00bb overlay_alpha=\u00bb15&#8243; shift_x=\u00bb0&#8243; shift_y=\u00bb0&#8243; shift_y_down=\u00bb0&#8243; z_index=\u00bb0&#8243; medium_width=\u00bb0&#8243; mobile_width=\u00bb0&#8243; width=\u00bb1\/2&#8243; uncode_shortcode_id=\u00bb940414&#8243; back_color_type=\u00bbuncode-palette\u00bb overlay_color_type=\u00bbuncode-palette\u00bb][vc_custom_heading text_color=\u00bbcolor-xsdn\u00bb css_animation=\u00bbbottom-t-top\u00bb animation_speed=\u00bb800&#8243; animation_delay=\u00bb200&#8243; uncode_shortcode_id=\u00bb177938&#8243; text_color_type=\u00bbuncode-palette\u00bb]Directores invitados[\/vc_custom_heading][vc_button size=\u00bbbtn-lg\u00bb radius=\u00bbbtn-round\u00bb hover_fx=\u00bboutlined\u00bb outline=\u00bbyes\u00bb custom_typo=\u00bbyes\u00bb font_family=\u00bbfont-555555&#8243; font_weight=\u00bb600&#8243; border_width=\u00bb0&#8243; css_animation=\u00bbbottom-t-top\u00bb animation_speed=\u00bb800&#8243; animation_delay=\u00bb400&#8243; link=\u00bburl:https%3A%2F%2Fapartgastro.com%2Fes%2Fdirector-invitado%2F|\u00bb el_class=\u00bbryv-popup\u00bb rel=\u00bblightbox\u00bb uncode_shortcode_id=\u00bb210029&#8243;]EXPLORA[\/vc_button][\/vc_column][vc_column column_width_percent=\u00bb100&#8243; position_vertical=\u00bbmiddle\u00bb align_horizontal=\u00bbalign_center\u00bb gutter_size=\u00bb3&#8243; style=\u00bblight\u00bb back_color=\u00bbcolor-lxmt\u00bb overlay_color=\u00bbcolor-402294&#8243; overlay_alpha=\u00bb0&#8243; shift_x=\u00bb0&#8243; shift_y=\u00bb0&#8243; shift_y_down=\u00bb0&#8243; z_index=\u00bb0&#8243; medium_width=\u00bb0&#8243; mobile_width=\u00bb0&#8243; width=\u00bb1\/2&#8243;][vc_single_image media=\u00bb3053&#8243; media_width_use_pixel=\u00bbyes\u00bb alignment=\u00bbcenter\u00bb media_width_pixel=\u00bb300&#8243;][vc_button size=\u00bbbtn-lg\u00bb radius=\u00bbbtn-round\u00bb hover_fx=\u00bboutlined\u00bb outline=\u00bbyes\u00bb custom_typo=\u00bbyes\u00bb font_family=\u00bbfont-555555&#8243; font_weight=\u00bb600&#8243; border_width=\u00bb0&#8243; css_animation=\u00bbbottom-t-top\u00bb animation_speed=\u00bb800&#8243; animation_delay=\u00bb400&#8243; link=\u00bburl:https%3A%2F%2Fapartgastro.com%2Fes%2Fapart%2F|\u00bb el_class=\u00bbryv-popup\u00bb rel=\u00bblightbox\u00bb uncode_shortcode_id=\u00bb117643&#8243;]EXPLORA[\/vc_button][\/vc_column][\/vc_row][vc_row unlock_row_content=\u00bbyes\u00bb row_height_percent=\u00bb80&#8243; override_padding=\u00bbyes\u00bb h_padding=\u00bb7&#8243; top_padding=\u00bb7&#8243; bottom_padding=\u00bb2&#8243; back_color=\u00bbcolor-prif\u00bb back_image=\u00bb5328&#8243; back_repeat=\u00bbno-repeat\u00bb back_position=\u00bbleft center\u00bb parallax=\u00bbyes\u00bb overlay_color=\u00bbcolor-402294&#8243; overlay_alpha=\u00bb15&#8243; gutter_size=\u00bb3&#8243; column_width_percent=\u00bb100&#8243; shift_y=\u00bb0&#8243; z_index=\u00bb0&#8243; desktop_visibility=\u00bbyes\u00bb medium_visibility=\u00bbyes\u00bb uncode_shortcode_id=\u00bb118483&#8243; back_color_type=\u00bbuncode-palette\u00bb overlay_color_type=\u00bbuncode-palette\u00bb shape_dividers=\u00bb\u00bb][vc_column column_width_percent=\u00bb100&#8243; position_vertical=\u00bbmiddle\u00bb align_horizontal=\u00bbalign_center\u00bb gutter_size=\u00bb3&#8243; override_padding=\u00bbyes\u00bb column_padding=\u00bb5&#8243; expand_height=\u00bbyes\u00bb style=\u00bbdark\u00bb overlay_alpha=\u00bb50&#8243; shift_x=\u00bb0&#8243; shift_y=\u00bb0&#8243; shift_y_down=\u00bb0&#8243; z_index=\u00bb0&#8243; medium_width=\u00bb0&#8243; mobile_width=\u00bb0&#8243; width=\u00bb1\/1&#8243;][vc_custom_heading text_color=\u00bbcolor-xsdn\u00bb css_animation=\u00bbbottom-t-top\u00bb animation_speed=\u00bb800&#8243; animation_delay=\u00bb200&#8243; uncode_shortcode_id=\u00bb137438&#8243; text_color_type=\u00bbuncode-palette\u00bb]Directores invitados[\/vc_custom_heading][vc_button size=\u00bbbtn-lg\u00bb radius=\u00bbbtn-round\u00bb hover_fx=\u00bboutlined\u00bb outline=\u00bbyes\u00bb custom_typo=\u00bbyes\u00bb font_family=\u00bbfont-555555&#8243; font_weight=\u00bb600&#8243; border_width=\u00bb0&#8243; css_animation=\u00bbbottom-t-top\u00bb animation_speed=\u00bb800&#8243; animation_delay=\u00bb400&#8243; link=\u00bburl:https%3A%2F%2Fapartgastro.com%2Fes%2Fdirector-invitado%2F|\u00bb el_class=\u00bbryv-popup\u00bb rel=\u00bblightbox\u00bb]EXPLORA[\/vc_button][\/vc_column][\/vc_row][vc_row unlock_row_content=\u00bbyes\u00bb row_height_percent=\u00bb80&#8243; override_padding=\u00bbyes\u00bb h_padding=\u00bb7&#8243; top_padding=\u00bb7&#8243; bottom_padding=\u00bb2&#8243; back_color=\u00bbcolor-xsdn\u00bb overlay_color=\u00bbcolor-xsdn\u00bb overlay_alpha=\u00bb0&#8243; gutter_size=\u00bb3&#8243; column_width_percent=\u00bb100&#8243; shift_y=\u00bb0&#8243; z_index=\u00bb0&#8243; desktop_visibility=\u00bbyes\u00bb medium_visibility=\u00bbyes\u00bb][vc_column column_width_percent=\u00bb100&#8243; position_vertical=\u00bbmiddle\u00bb align_horizontal=\u00bbalign_center\u00bb gutter_size=\u00bb3&#8243; override_padding=\u00bbyes\u00bb column_padding=\u00bb5&#8243; expand_height=\u00bbyes\u00bb style=\u00bbdark\u00bb overlay_alpha=\u00bb50&#8243; shift_x=\u00bb0&#8243; shift_y=\u00bb0&#8243; shift_y_down=\u00bb0&#8243; z_index=\u00bb0&#8243; medium_width=\u00bb0&#8243; mobile_width=\u00bb0&#8243; width=\u00bb1\/1&#8243;][vc_single_image media=\u00bb3053&#8243; media_width_use_pixel=\u00bbyes\u00bb alignment=\u00bbcenter\u00bb media_width_pixel=\u00bb300&#8243;][vc_button size=\u00bbbtn-lg\u00bb radius=\u00bbbtn-round\u00bb hover_fx=\u00bboutlined\u00bb outline=\u00bbyes\u00bb custom_typo=\u00bbyes\u00bb font_family=\u00bbfont-555555&#8243; font_weight=\u00bb600&#8243; border_width=\u00bb0&#8243; css_animation=\u00bbbottom-t-top\u00bb animation_speed=\u00bb800&#8243; animation_delay=\u00bb400&#8243; link=\u00bburl:https%3A%2F%2Fapartgastro.com%2Fes%2Fapart%2F|\u00bb el_class=\u00bbryv-popup\u00bb rel=\u00bblightbox\u00bb]EXPLORA[\/vc_button][\/vc_column][\/vc_row]<\/p>\n<\/div>","protected":false},"excerpt":{"rendered":"<p>[vc_row row_height_percent=\u00bb25&#8243; override_padding=\u00bbyes\u00bb h_padding=\u00bb7&#8243; top_padding=\u00bb4&#8243; bottom_padding=\u00bb4&#8243; back_color=\u00bbcolor-xsdn\u00bb overlay_alpha=\u00bb50&#8243; gutter_size=\u00bb3&#8243; column_width_percent=\u00bb100&#8243; shift_y=\u00bb0&#8243; z_index=\u00bb0&#8243;][vc_column column_width_percent=\u00bb75&#8243; position_vertical=\u00bbmiddle\u00bb align_horizontal=\u00bbalign_center\u00bb gutter_size=\u00bb3&#8243; overlay_alpha=\u00bb50&#8243; shift_x=\u00bb0&#8243; shift_y=\u00bb0&#8243; shift_y_down=\u00bb0&#8243; [&hellip;]<\/p>\n","protected":false},"author":15,"featured_media":0,"parent":0,"menu_order":0,"comment_status":"closed","ping_status":"closed","template":"","meta":{"_exactmetrics_skip_tracking":false,"_exactmetrics_sitenote_active":false,"_exactmetrics_sitenote_note":"","_exactmetrics_sitenote_category":0,"footnotes":""},"class_list":["post-792","page","type-page","status-publish","hentry","page_category-editorial-es"],"jetpack_sharing_enabled":true,"jetpack_shortlink":"https:\/\/wp.me\/Pa7vjv-cM","_links":{"self":[{"href":"https:\/\/apartgastro.com\/es\/wp-json\/wp\/v2\/pages\/792","targetHints":{"allow":["GET"]}}],"collection":[{"href":"https:\/\/apartgastro.com\/es\/wp-json\/wp\/v2\/pages"}],"about":[{"href":"https:\/\/apartgastro.com\/es\/wp-json\/wp\/v2\/types\/page"}],"author":[{"embeddable":true,"href":"https:\/\/apartgastro.com\/es\/wp-json\/wp\/v2\/users\/15"}],"replies":[{"embeddable":true,"href":"https:\/\/apartgastro.com\/es\/wp-json\/wp\/v2\/comments?post=792"}],"version-history":[{"count":5,"href":"https:\/\/apartgastro.com\/es\/wp-json\/wp\/v2\/pages\/792\/revisions"}],"predecessor-version":[{"id":5392,"href":"https:\/\/apartgastro.com\/es\/wp-json\/wp\/v2\/pages\/792\/revisions\/5392"}],"wp:attachment":[{"href":"https:\/\/apartgastro.com\/es\/wp-json\/wp\/v2\/media?parent=792"}],"curies":[{"name":"wp","href":"https:\/\/api.w.org\/{rel}","templated":true}]}}