{"id":5020,"date":"2022-10-05T13:57:58","date_gmt":"2022-10-05T13:57:58","guid":{"rendered":"http:\/\/apartgastro.com\/?page_id=5020"},"modified":"2022-10-05T14:00:30","modified_gmt":"2022-10-05T14:00:30","slug":"avis-legal","status":"publish","type":"page","link":"https:\/\/apartgastro.com\/es\/avis-legal\/","title":{"rendered":"Aviso legal"},"content":{"rendered":"<div class=\"wpb-content-wrapper\"><p>[vc_row row_height_percent=\u00bb0&#8243; override_padding=\u00bbyes\u00bb h_padding=\u00bb4&#8243; top_padding=\u00bb4&#8243; bottom_padding=\u00bb4&#8243; overlay_alpha=\u00bb50&#8243; gutter_size=\u00bb3&#8243; column_width_percent=\u00bb100&#8243; shift_y=\u00bb0&#8243; z_index=\u00bb0&#8243;][vc_column width=\u00bb1\/1&#8243;][vc_custom_heading heading_semantic=\u00bbh3&#8243; text_size=\u00bbh3&#8243;]Aviso legal[\/vc_custom_heading][vc_empty_space empty_h=\u00bb2&#8243;][vc_column_text]El titular de la p\u00e1gina web alojada en la URL www.apartgastro.com (el \u201c<strong>Web<\/strong>\u201d) es la entidad ABACUS, SCCL (\u201c<strong>ABACUS<\/strong>\u201d), cuyos datos de identificaci\u00f3n son los que se detallan a continuaci\u00f3n:<\/p>\n<p>&nbsp;<\/p>\n<p><u>Domicilio sociall<\/u>: C\/ Per\u00fa, 186, 08020 Barcelona<\/p>\n<p><u>CIF n\u00ba<\/u>: F-08226714<\/p>\n<p><u>Correo electr\u00f3nico<\/u>: redacciocuina@som.cat<\/p>\n<p>Tel\u00e9fono: 93 217 81 66<\/p>\n<p>El Aviso Legal rige el acceso y la utilizaci\u00f3n de la Web por parte de sus usuarios.<\/p>\n<p>&nbsp;<\/p>\n<p><strong>1. Acceso a la Web<\/strong><\/p>\n<p>El acceso y utilizaci\u00f3n de la Web comporta la aceptaci\u00f3n del Aviso Legal.<\/p>\n<p>ABACUS se reserva la facultad de realizar, en cualquier momento, cualquier modificaci\u00f3n y\/o actualizaci\u00f3n del Aviso Legal y, por tanto, es necesario que el usuario lea atentamente el Aviso Legal cada vez que acceda a la Web. Si no se acepta el Aviso Legal, rogamos abstenerse de utilizar la Web y su contenido.<\/p>\n<p>&nbsp;<\/p>\n<p><strong>2. Normas de utilizaci\u00f3n<\/strong><\/p>\n<p>Los contenidos ofrecidos a trav\u00e9s de la Web se dirigen exclusivamente,\u00a0<u>mayores de 14 a\u00f1os de edad<\/u>. A tal efecto, ABACUS se reserva la opci\u00f3n de solicitar a los usuarios, en cualquier momento, documentaci\u00f3n acreditativa de su edad para verificarla. En el supuesto de que ABACUS verifique que el usuario\/a no tiene la edad m\u00ednima requerida, no atender\u00e1 a sus peticiones.<\/p>\n<p>El usuario\/La usuaria se obliga a utilizar la Web, y todo su contenido, de acuerdo con lo que establece la normativa vigente, el Aviso Legal y, en su caso, el resto de t\u00e9rminos y condiciones previstos en la Web.<\/p>\n<p>Asimismo, se obliga a hacer un uso adecuado de los servicios y\/o contenidos de la Web ya no utilizarlos para realizar actividades il\u00edcitas y\/o que atenten contra derechos de terceros. En este sentido, el usuario\/a se obliga a no transmitir, introducir, difundir ni a poner a disposici\u00f3n del resto de usuarios, cualquier tipo de material e informaci\u00f3n que sean contrarios a la ley y al Aviso Legal. A t\u00edtulo enunciativo, y en ning\u00fan caso limitativo o excluyente, el usuario se compromete a:<\/p>\n<ul>\n<li>No difundir contenidos de car\u00e1cter violento, xen\u00f3fobo, pornogr\u00e1fico, de apolog\u00eda del terrorismo y\/o que atenten contra los derechos humanos y los derechos fundamentales de las personas.<\/li>\n<li>No introducir virus, scripts ni software nocivo susceptible de interrumpir, destruir o limitar la funcionalidad de cualquier software o hardware.<\/li>\n<li>No interferir o condicionar de alg\u00fan modo la seguridad de la Web o utilizar de forma abusiva sus recursos, servicios y productos disponibles.<\/li>\n<li>No acceder, modificar, adaptar y\/o realizar ingenier\u00eda inversa, descompilar, desmontar o, de alguna forma, interferir en la Web.<\/li>\n<li>No llevar a cabo acciones que puedan desactivar, sobrecargar o afectar al funcionamiento de la Web.<\/li>\n<\/ul>\n<p>Se informa al usuario\/a que, en el supuesto de que incumpla el Aviso Legal o, en su caso, cualquier otros t\u00e9rminos y condiciones de la Web, ABACUS se reserva el derecho a limitar, suspender y\/o terminar su acceso en la Web, adoptando cualquier medida que sea necesaria al efecto.<\/p>\n<p>ABACUS hace sus mejores esfuerzos para mantener la Web en buen funcionamiento, evitando errores o, en su caso, subsanarlos. No obstante, ABACUS no garantiza la disponibilidad y continuidad en el acceso a la Web ni la inexistencia de errores en sus contenidos, as\u00ed como que \u00e9stos est\u00e9n debidamente actualizados.<\/p>\n<p>&nbsp;<\/p>\n<p><strong>3. Responsabilidad<\/strong><\/p>\n<p>Tanto el acceso a la Web como el uso que pueda hacerse de cualquier informaci\u00f3n que la Web contenga se realiza bajo la responsabilidad exclusiva del usuario\/a.<\/p>\n<p>El acceso a la Web no implica para ABACUS la obligaci\u00f3n de controlar la existencia de virus o cualquier otro elemento inform\u00e1tico da\u00f1ino en los sistemas y\/o dispositivos del usuario\/a.<\/p>\n<p>ABACUS no se responsabiliza de los da\u00f1os producidos en el\u00a0<em>software<\/em>\u00a0y\/o\u00a0<em>hardware<\/em>\u00a0de los usuarios que se derive del acceso y\/o utilizaci\u00f3n de la Web.<\/p>\n<p>ABACUS tampoco se responsabiliza de los da\u00f1os o perjuicios de cualquier tipo producidos al usuario\/a debido al fallo o ca\u00eddas de las redes de telecomunicaciones que produzcan la suspensi\u00f3n, cancelaci\u00f3n o interrupci\u00f3n de la Web.<\/p>\n<p>El usuario\/La usuaria se obliga a mantener indemne a ABACUS de cualquier posible reclamaci\u00f3n o sanci\u00f3n que pueda venir obligada a soportar como consecuencia del incumplimiento por parte del usuario\/a de la normativa vigente y del Aviso Legal. ABACUS se reserva el derecho a solicitar la indemnizaci\u00f3n por da\u00f1os y perjuicios que corresponda a los usuarios que hagan un uso inapropiado de la Web o no respeten el Aviso Legal.<\/p>\n<p>&nbsp;<\/p>\n<p><strong>4.\u00a0<\/strong><strong>Publicidad<\/strong><\/p>\n<p>ABACUS podr\u00e1 incluir en la Web contenidos publicitarios y\/o patrocinios de terceros. Los anunciantes y patrocinadores ser\u00e1n los \u00fanicos responsables de asegurarse de que el material facilitado para su inclusi\u00f3n en la Web cumple \u00edntegramente con la legislaci\u00f3n vigente que pueda ser de aplicaci\u00f3n.<\/p>\n<p>En consecuencia, ABACUS no ser\u00e1 responsable de ning\u00fan error, inexactitud y\/o irregularidad que puedan incluir los contenidos publicitarios o de los patrocinadores ni de los incumplimientos de la normativa vigente.<\/p>\n<p>&nbsp;<\/p>\n<p><strong>5. Pol\u00edtica en materia de enlaces<\/strong><\/p>\n<p><strong>a) Enlaces con la Web<\/strong><\/p>\n<p>Cualquiera que tenga intenci\u00f3n de incluir en un sitio web (\u201c<strong>Web Enlazanda<\/strong>\u201d) un enlace que dirija a la Web tendr\u00e1n que cumplir con la legislaci\u00f3n vigente y, en ning\u00fan caso, podr\u00e1 alojar contenidos, propios o de terceros, que: (i) sean il\u00edcitos, nocivos, violentos, racistas, denigrantes, etc.; y\/o (ii) resulten inapropiados o no pertinentes en relaci\u00f3n con la actividad y los productos de ABACUS.<\/p>\n<p>El enlace no implica que ABACUS avale, promocione, garantice, supervise y\/o recomiende el contenido y\/o los servicios de la Web Enlazando, aunque sea responsable de su contenido. En el supuesto de incumplimiento de cualquiera de los t\u00e9rminos referidos anteriormente, ABACUS proceder\u00e1 a la revocaci\u00f3n de la autorizaci\u00f3n al Web Enla\u00e7ant, que deber\u00e1 suprimir el enlace de forma inmediata.<\/p>\n<p><strong>b) Enlaces con otras webs<\/strong><\/p>\n<p>En la Web se pueden incluir diferentes enlaces que permitan al usuario\/a acceder a otras webs (\u201c<strong>Webs Enlla\u00e7ats<\/strong>\u201d).<\/p>\n<p>En ning\u00fan caso, la existencia de Webs Enla\u00e7ats comporta recomendaci\u00f3n, promoci\u00f3n, identificaci\u00f3n y\/o conformidad de ABACUS con las manifestaciones, contenidos y\/o servicios proporcionados mediante las Webs Enlazadas. En consecuencia, ABACUS no se hace responsable del contenido, y los t\u00e9rminos y condiciones de las Webs Enlazadas, siendo el usuario\/a el \u00fanico\/a responsable de comprobarlos y aceptarlos cada vez que acceda y los utilice.<\/p>\n<p>&nbsp;<\/p>\n<p><strong>6. Propiedad intelectual e industrial<\/strong><\/p>\n<p>Todos los derechos de propiedad intelectual sobre los diferentes elementos y contenidos de la Web (textos, gr\u00e1ficos, fotograf\u00edas, v\u00eddeos, iconos, grabaciones sonoras, combinaciones de colores, c\u00f3digos fuente, etc.)[los \u201c<strong>Contenidos<\/strong>\u201d], as\u00ed como la su estructura, selecci\u00f3n y orden, son titularidad de ABACUS o, en su caso, de sus licenciantes.<\/p>\n<p>Igualmente, los signos distintivos y nombre de dominio de la Web son titularidad de ABACUS o, en su caso, de los licenciantes sin que pueda entenderse que el acceso a la Web atribuya alg\u00fan derecho sobre los mismos.<\/p>\n<p>En consecuencia, queda expresamente prohibido al usuario\/a la reproducci\u00f3n, transformaci\u00f3n, distribuci\u00f3n, comunicaci\u00f3n p\u00fablica, puesta a disposici\u00f3n, extracci\u00f3n y\/o cualquier otra forma de difusi\u00f3n no autorizadas expresamente de la Web, los Contenidos y\/o los signos distintivos de ABACUS.<\/p>\n<p>La utilizaci\u00f3n no autorizada de los Contenidos, as\u00ed como los perjuicios ocasionados en los derechos de propiedad intelectual e industrial de ABACUS, podr\u00e1n dar lugar al ejercicio de las acciones que legalmente le correspondan, ya las responsabilidades que, en su caso, se deriven.<\/p>\n<p>&nbsp;<\/p>\n<p><strong>7. Pol\u00edtica de Privacidad<\/strong><\/p>\n<p>El tratamiento de los datos personales de los usuarios se regir\u00e1 por la Pol\u00edtica de Privacidad de la Web.<\/p>\n<p>&nbsp;<\/p>\n<p><strong>8. Nulidad<\/strong><\/p>\n<p>Si cualquiera de las cl\u00e1usulas del Aviso Legal fuera declarada, total o parcialmente, nula o ineficaz, tal nulidad o ineficacia afectar\u00e1 s\u00f3lo a la mencionada disposici\u00f3n oa la parte de la misma que resulte nula o ineficaz, y las mismas permanecer\u00e1n vigentes en todo lo dem\u00e1s, teni\u00e9ndose por no puesta tal disposici\u00f3n o la parte de la misma que resulte afectada. A tal efecto, el Aviso Legal s\u00f3lo dejar\u00e1 de tener validez exclusivamente respecto a la disposici\u00f3n nula o ineficaz, y ninguna otra parte o disposici\u00f3n del mismo quedar\u00e1 anulada, invalidada, perjudicada o afectada por tal nulidad o ineficacia, salvo que por resultar esencial tuviera que afectar al Aviso Legal de forma integral.<\/p>\n<p>&nbsp;<\/p>\n<p><strong>9. Legislaci\u00f3n aplicable y jurisdicci\u00f3n competente<\/strong><\/p>\n<p>El Aviso Legal se regir\u00e1 e interpretar\u00e1 conforme a la legislaci\u00f3n vigente.<\/p>\n<p>En cualquier caso, en el supuesto de que surja cualquier conflicto y\/o discrepancia en la interpretaci\u00f3n y\/o aplicaci\u00f3n del Aviso Legal, los Juzgados y Tribunales que, en su caso, conocer\u00e1n el asunto ser\u00e1n los que prevea la normativa legal aplicable.[\/vc_column_text][\/vc_column][\/vc_row]<\/p>\n<\/div>","protected":false},"excerpt":{"rendered":"<p>[vc_row row_height_percent=\u00bb0&#8243; override_padding=\u00bbyes\u00bb h_padding=\u00bb4&#8243; top_padding=\u00bb4&#8243; bottom_padding=\u00bb4&#8243; overlay_alpha=\u00bb50&#8243; gutter_size=\u00bb3&#8243; column_width_percent=\u00bb100&#8243; shift_y=\u00bb0&#8243; z_index=\u00bb0&#8243;][vc_column width=\u00bb1\/1&#8243;][vc_custom_heading heading_semantic=\u00bbh3&#8243; text_size=\u00bbh3&#8243;]Aviso legal[\/vc_custom_heading][vc_empty_space empty_h=\u00bb2&#8243;][vc_column_text]El titular de la p\u00e1gina [&hellip;]<\/p>\n","protected":false},"author":8,"featured_media":0,"parent":0,"menu_order":11,"comment_status":"closed","ping_status":"closed","template":"","meta":{"_exactmetrics_skip_tracking":false,"_exactmetrics_sitenote_active":false,"_exactmetrics_sitenote_note":"","_exactmetrics_sitenote_category":0,"footnotes":""},"class_list":["post-5020","page","type-page","status-publish","hentry","page_category-funcional-es"],"jetpack_sharing_enabled":true,"jetpack_shortlink":"https:\/\/wp.me\/Pa7vjv-1iY","_links":{"self":[{"href":"https:\/\/apartgastro.com\/es\/wp-json\/wp\/v2\/pages\/5020","targetHints":{"allow":["GET"]}}],"collection":[{"href":"https:\/\/apartgastro.com\/es\/wp-json\/wp\/v2\/pages"}],"about":[{"href":"https:\/\/apartgastro.com\/es\/wp-json\/wp\/v2\/types\/page"}],"author":[{"embeddable":true,"href":"https:\/\/apartgastro.com\/es\/wp-json\/wp\/v2\/users\/8"}],"replies":[{"embeddable":true,"href":"https:\/\/apartgastro.com\/es\/wp-json\/wp\/v2\/comments?post=5020"}],"version-history":[{"count":3,"href":"https:\/\/apartgastro.com\/es\/wp-json\/wp\/v2\/pages\/5020\/revisions"}],"predecessor-version":[{"id":5023,"href":"https:\/\/apartgastro.com\/es\/wp-json\/wp\/v2\/pages\/5020\/revisions\/5023"}],"wp:attachment":[{"href":"https:\/\/apartgastro.com\/es\/wp-json\/wp\/v2\/media?parent=5020"}],"curies":[{"name":"wp","href":"https:\/\/api.w.org\/{rel}","templated":true}]}}